{"id":15041,"date":"2023-07-03T18:18:41","date_gmt":"2023-07-03T11:18:41","guid":{"rendered":"https:\/\/bvtn.edu.vn\/instructors\/"},"modified":"2023-08-06T23:56:32","modified_gmt":"2023-08-06T16:56:32","slug":"doi-ngu-giang-vien","status":"publish","type":"page","link":"https:\/\/bvtn.edu.vn\/en\/doi-ngu-giang-vien\/","title":{"rendered":"Teaching staff"},"content":{"rendered":"\t\t<div data-elementor-type=\"wp-page\" data-elementor-id=\"15041\" class=\"elementor elementor-15041\" data-elementor-post-type=\"page\">\n\t\t\t\t\t\t<section data-particle_enable=\"false\" data-particle-mobile-disabled=\"false\" class=\"elementor-section elementor-top-section elementor-element elementor-element-3198288d elementor-section-boxed elementor-section-height-default elementor-section-height-default\" data-id=\"3198288d\" data-element_type=\"section\">\n\t\t\t\t\t\t<div class=\"elementor-container elementor-column-gap-default\">\n\t\t\t\t\t<div class=\"elementor-column elementor-col-100 elementor-top-column elementor-element elementor-element-4e644bf9\" data-id=\"4e644bf9\" data-element_type=\"column\">\n\t\t\t<div class=\"elementor-widget-wrap elementor-element-populated\">\n\t\t\t\t\t\t<div class=\"elementor-element elementor-element-3c4f2dcc elementor-widget elementor-widget-heading\" data-id=\"3c4f2dcc\" data-element_type=\"widget\" data-widget_type=\"heading.default\">\n\t\t\t\t<div class=\"elementor-widget-container\">\n\t\t\t\t\t<h1 class=\"elementor-heading-title elementor-size-default\">\u0110\u1ed9i ng\u0169 gi\u1ea3ng vi\u00ean t\u1ea1i B\u1ec7nh vi\u1ec7n Th\u1ed1ng Nh\u1ea5t<\/h1>\t\t\t\t<\/div>\n\t\t\t\t<\/div>\n\t\t\t\t<div class=\"elementor-element elementor-element-79319217 elementor-widget-divider--view-line elementor-widget elementor-widget-divider\" data-id=\"79319217\" data-element_type=\"widget\" data-widget_type=\"divider.default\">\n\t\t\t\t<div class=\"elementor-widget-container\">\n\t\t\t\t\t\t\t<div class=\"elementor-divider\">\n\t\t\t<span class=\"elementor-divider-separator\">\n\t\t\t\t\t\t<\/span>\n\t\t<\/div>\n\t\t\t\t\t\t<\/div>\n\t\t\t\t<\/div>\n\t\t\t\t<div class=\"elementor-element elementor-element-ee5b491 elementor-widget elementor-widget-text-editor\" data-id=\"ee5b491\" data-element_type=\"widget\" data-widget_type=\"text-editor.default\">\n\t\t\t\t<div class=\"elementor-widget-container\">\n\t\t\t\t\t\t\t\t\t<p>Trung t\u00e2m \u0110\u1ea1o T\u1ea1o &#8211; Ch\u1ec9 \u0110\u1ea1o Tuy\u1ebfn &#8211; Nghi\u00ean C\u1ee9u Khoa H\u1ecdc &#8211; H\u1ee3p t\u00e1c t\u1ea1i B\u1ec7nh vi\u1ec7n Th\u1ed1ng Nh\u1ea5t quy t\u1ee5 nhi\u1ec1u chuy\u00ean gia \u0111\u1ea7u ng\u00e0nh, gi\u00e0u kinh nghi\u1ec7m gi\u1ea3ng d\u1ea1y c\u0169ng nh\u01b0 th\u1ef1c h\u00e0nh l\u00e2m s\u00e0ng. Ch\u00fang t\u00f4i khao kh\u00e1t cung c\u1ea5p m\u1ed9t ch\u01b0\u01a1ng tr\u00ecnh gi\u1ea3ng d\u1ea1y chuy\u00ean nghi\u1ec7p v\u00e0 h\u1ea5p d\u1eabn, chu\u1ea9n b\u1ecb cho h\u1ecdc vi\u00ean c\u1ee7a ch\u00fang t\u00f4i ki\u1ebfn th\u1ee9c, kinh nghi\u1ec7m va tr\u1ea3i nghi\u1ec7m, ph\u1ee5c v\u1ee5 cho vi\u1ec7c h\u00e0nh ngh\u1ec1 y c\u1ee7a minh.<\/p>\t\t\t\t\t\t\t\t<\/div>\n\t\t\t\t<\/div>\n\t\t\t\t<div class=\"elementor-element elementor-element-2cd2adc eael_liquid_glass-effect1 eael_liquid_glass_shadow-effect1 elementor-widget elementor-widget-jet-listing-grid\" data-id=\"2cd2adc\" data-element_type=\"widget\" data-settings=\"{&quot;columns&quot;:&quot;4&quot;,&quot;columns_tablet&quot;:&quot;2&quot;,&quot;columns_mobile&quot;:&quot;1&quot;}\" data-widget_type=\"jet-listing-grid.default\">\n\t\t\t\t<div class=\"elementor-widget-container\">\n\t\t\t\t\t<div class=\"jet-listing-grid jet-listing\"><div class=\"jet-listing-not-found jet-listing-grid__items\" data-nav=\"{&quot;enabled&quot;:false,&quot;type&quot;:null,&quot;more_el&quot;:null,&quot;query&quot;:[],&quot;widget_settings&quot;:{&quot;lisitng_id&quot;:15828,&quot;posts_num&quot;:6,&quot;columns&quot;:4,&quot;columns_tablet&quot;:2,&quot;columns_mobile&quot;:1,&quot;column_min_width&quot;:240,&quot;column_min_width_tablet&quot;:240,&quot;column_min_width_mobile&quot;:240,&quot;inline_columns_css&quot;:false,&quot;is_archive_template&quot;:&quot;&quot;,&quot;post_status&quot;:[&quot;publish&quot;],&quot;use_random_posts_num&quot;:&quot;&quot;,&quot;max_posts_num&quot;:9,&quot;not_found_message&quot;:&quot;No data was found&quot;,&quot;is_masonry&quot;:false,&quot;equal_columns_height&quot;:&quot;&quot;,&quot;use_load_more&quot;:&quot;&quot;,&quot;load_more_id&quot;:&quot;&quot;,&quot;load_more_type&quot;:&quot;click&quot;,&quot;load_more_offset&quot;:{&quot;unit&quot;:&quot;px&quot;,&quot;size&quot;:0,&quot;sizes&quot;:[]},&quot;use_custom_post_types&quot;:&quot;&quot;,&quot;custom_post_types&quot;:[],&quot;hide_widget_if&quot;:&quot;&quot;,&quot;carousel_enabled&quot;:&quot;&quot;,&quot;slides_to_scroll&quot;:&quot;1&quot;,&quot;arrows&quot;:&quot;true&quot;,&quot;arrow_icon&quot;:&quot;fa fa-angle-left&quot;,&quot;dots&quot;:&quot;&quot;,&quot;autoplay&quot;:&quot;true&quot;,&quot;pause_on_hover&quot;:&quot;true&quot;,&quot;autoplay_speed&quot;:5000,&quot;infinite&quot;:&quot;true&quot;,&quot;center_mode&quot;:&quot;&quot;,&quot;effect&quot;:&quot;slide&quot;,&quot;speed&quot;:500,&quot;inject_alternative_items&quot;:&quot;&quot;,&quot;injection_items&quot;:[],&quot;scroll_slider_enabled&quot;:&quot;&quot;,&quot;scroll_slider_on&quot;:[&quot;desktop&quot;,&quot;tablet&quot;,&quot;mobile&quot;],&quot;custom_query&quot;:false,&quot;custom_query_id&quot;:&quot;&quot;,&quot;_element_id&quot;:&quot;&quot;,&quot;collapse_first_last_gap&quot;:false,&quot;list_tag_selection&quot;:&quot;&quot;,&quot;list_items_wrapper_tag&quot;:&quot;div&quot;,&quot;list_item_tag&quot;:&quot;div&quot;,&quot;empty_items_wrapper_tag&quot;:&quot;div&quot;}}\" data-listing-source=\"query\" data-listing-id=\"15828\" data-query-id=\"4\" data-queried-id=\"15041|WP_Post\">No data was found<\/div><\/div>\t\t\t\t<\/div>\n\t\t\t\t<\/div>\n\t\t\t\t\t<\/div>\n\t\t<\/div>\n\t\t\t\t\t<\/div>\n\t\t<\/section>\n\t\t\t\t<\/div>\n\t\t","protected":false},"excerpt":{"rendered":"\u0110\u1ed9i ng\u0169 gi\u1ea3ng vi\u00ean t\u1ea1i B\u1ec7nh vi\u1ec7n Th\u1ed1ng Nh\u1ea5t Trung t\u00e2m \u0110\u1ea1o T\u1ea1o &#8211; Ch\u1ec9 \u0110\u1ea1o Tuy\u1ebfn &#8211; Nghi\u00ean C\u1ee9u Khoa H\u1ecdc &#8211; H\u1ee3p t\u00e1c t\u1ea1i B\u1ec7nh vi\u1ec7n Th\u1ed1ng Nh\u1ea5t quy t\u1ee5 nhi\u1ec1u chuy\u00ean gia \u0111\u1ea7u ng\u00e0nh, gi\u00e0u kinh nghi\u1ec7m gi\u1ea3ng d\u1ea1y c\u0169ng nh\u01b0 th\u1ef1c h\u00e0nh l\u00e2m s\u00e0ng. Ch\u00fang t\u00f4i khao kh\u00e1t cung c\u1ea5p m\u1ed9t [&hellip;]","protected":false},"author":1,"featured_media":0,"parent":0,"menu_order":0,"comment_status":"closed","ping_status":"closed","template":"","meta":{"footnotes":""},"class_list":["post-15041","page","type-page","status-publish","hentry"],"_links":{"self":[{"href":"https:\/\/bvtn.edu.vn\/en\/wp-json\/wp\/v2\/pages\/15041","targetHints":{"allow":["GET"]}}],"collection":[{"href":"https:\/\/bvtn.edu.vn\/en\/wp-json\/wp\/v2\/pages"}],"about":[{"href":"https:\/\/bvtn.edu.vn\/en\/wp-json\/wp\/v2\/types\/page"}],"author":[{"embeddable":true,"href":"https:\/\/bvtn.edu.vn\/en\/wp-json\/wp\/v2\/users\/1"}],"replies":[{"embeddable":true,"href":"https:\/\/bvtn.edu.vn\/en\/wp-json\/wp\/v2\/comments?post=15041"}],"version-history":[{"count":0,"href":"https:\/\/bvtn.edu.vn\/en\/wp-json\/wp\/v2\/pages\/15041\/revisions"}],"wp:attachment":[{"href":"https:\/\/bvtn.edu.vn\/en\/wp-json\/wp\/v2\/media?parent=15041"}],"curies":[{"name":"wp","href":"https:\/\/api.w.org\/{rel}","templated":true}]}}