{"id":18,"date":"2023-06-25T07:05:14","date_gmt":"2023-06-25T07:05:14","guid":{"rendered":"https:\/\/bvtn.edu.vn\/user-register\/"},"modified":"2025-05-31T01:22:26","modified_gmt":"2025-05-30T18:22:26","slug":"dang-ky","status":"publish","type":"page","link":"https:\/\/bvtn.edu.vn\/en\/dang-ky\/","title":{"rendered":"\u0110\u0103ng k\u00fd"},"content":{"rendered":"<section class=\"bvtn-registration\">\n\t<div id=\"tutor-registration-wrap\">\n\t\t<h1>\u0110\u0103ng K\u00fd Th\u00e0nh Vi\u00ean<\/h1>\n        <p>Vui l\u00f2ng \u0111i\u1ec1n \u0111\u1ea7y \u0111\u1ee7 th\u00f4ng tin \u0111\u1ec3 ti\u1ebfn h\u00e0nh \u0111\u0103ng k\u00fd<\/p>\n\t\t\t\t<div class='fluentform ff-default fluentform_wrapper_3 ffs_default_wrap'><form data-form_id=\"3\" id=\"fluentform_3\" class=\"frm-fluent-form fluent_form_3 ff-el-form-top ff_form_instance_3_1 ff-form-loading ffs_default\" data-form_instance=\"ff_form_instance_3_1\" method=\"POST\" data-turnstile_key=\"0x4AAAAAABfjWTpagpxtHozC\" action=\"\" ><fieldset  style=\"border: none!important;margin: 0!important;padding: 0!important;background-color: transparent!important;box-shadow: none!important;outline: none!important; min-inline-size: 100%;\">\n                    <legend class=\"ff_screen_reader_title\" style=\"display: block; margin: 0!important;padding: 0!important;height: 0!important;text-indent: -999999px;width: 0!important;overflow:hidden;\">\u0110\u0103ng k\u00fd th\u00e0nh vi\u00ean<\/legend><p style=\"display: none !important;\" class=\"akismet-fields-container\" data-prefix=\"ak_\"><label>&#916;<textarea name=\"ak_hp_textarea\" cols=\"45\" rows=\"8\" maxlength=\"100\"><\/textarea><\/label><input type=\"hidden\" id=\"ak_js_1\" name=\"ak_js\" value=\"225\"\/><script>document.getElementById( \"ak_js_1\" ).setAttribute( \"value\", ( new Date() ).getTime() );<\/script><\/p>        <input type=\"hidden\" id=\"__fluent_protection_token_3\" class=\"fluent-form-token-field\" name=\"__fluent_protection_token_3\">\n        <input type='hidden' name='__fluent_form_embded_post_id' value='18' \/><input type=\"hidden\" id=\"_fluentform_3_fluentformnonce\" name=\"_fluentform_3_fluentformnonce\" value=\"1574c94285\" \/><input type=\"hidden\" name=\"_wp_http_referer\" value=\"\/en\/wp-json\/wp\/v2\/pages\/18\" \/><div data-name=\"ff_cn_id_1\"  class='ff-t-container ff-column-container ff_columns_total_2'><div class='ff-t-cell ff-t-column-1' style='flex-basis: 50%;'><div class='ff-el-group'><div class=\"ff-el-input--label ff-el-is-required asterisk-right\"><label for='ff_3_first_name' id='label_ff_3_first_name' >H\u1ecd<\/label><\/div><div class='ff-el-input--content'><input type=\"text\" name=\"first_name\" class=\"ff-el-form-control\" placeholder=\"H\u1ecd\" data-name=\"first_name\" id=\"ff_3_first_name\"  aria-invalid=\"false\" aria-required=\"true\"><\/div><\/div><\/div><div class='ff-t-cell ff-t-column-2' style='flex-basis: 50%;'><div class='ff-el-group'><div class=\"ff-el-input--label ff-el-is-required asterisk-right\"><label for='ff_3_last_name' id='label_ff_3_last_name' >T\u00ean<\/label><\/div><div class='ff-el-input--content'><input type=\"text\" name=\"last_name\" class=\"ff-el-form-control\" placeholder=\"T\u00ean\" data-name=\"last_name\" id=\"ff_3_last_name\"  aria-invalid=\"false\" aria-required=\"true\"><\/div><\/div><\/div><\/div><div data-name=\"ff_cn_id_2\"  class='ff-t-container ff-column-container ff_columns_total_2'><div class='ff-t-cell ff-t-column-1' style='flex-basis: 50%;'><div class='ff-el-group'><div class=\"ff-el-input--label ff-el-is-required asterisk-right\"><label for='ff_3_username_1' id='label_ff_3_username_1' >T\u00ean \u0111\u0103ng nh\u1eadp<\/label><\/div><div class='ff-el-input--content'><input type=\"text\" name=\"username_1\" class=\"ff-el-form-control\" data-name=\"username_1\" id=\"ff_3_username_1\"  aria-invalid=\"false\" aria-required=\"true\"><\/div><\/div><\/div><div class='ff-t-cell ff-t-column-2' style='flex-basis: 50%;'><div class='ff-el-group'><div class=\"ff-el-input--label ff-el-is-required asterisk-right\"><label for='ff_3_email_2' id='label_ff_3_email_2' aria-label=\"Email\">Email<\/label><\/div><div class='ff-el-input--content'><input type=\"email\" name=\"email_2\" id=\"ff_3_email_2\" class=\"ff-el-form-control\" placeholder=\"Email Address\" data-name=\"email_2\"  aria-invalid=\"false\" aria-required=\"true\"><\/div><\/div><\/div><\/div><div data-name=\"ff_cn_id_3\"  class='ff-t-container ff-column-container ff_columns_total_2'><div class='ff-t-cell ff-t-column-1' style='flex-basis: 50%;'><div class='ff-el-group'><div class=\"ff-el-input--label ff-el-is-required asterisk-right\"><label for='ff_3_password' id='label_ff_3_password' aria-label=\"M\u1eadt kh\u1ea9u\">M\u1eadt kh\u1ea9u<\/label><\/div><div class='ff-el-input--content'><input type=\"password\" name=\"password\" id=\"ff_3_password\" class=\"ff-el-form-control\" data-name=\"password\"  aria-invalid=\"false\" aria-required=\"true\"><\/div><\/div><\/div><div class='ff-t-cell ff-t-column-2' style='flex-basis: 50%;'><div class='ff-el-group'><div class=\"ff-el-input--label ff-el-is-required asterisk-right\"><label for='ff_3_password_2' id='label_ff_3_password_2' aria-label=\"Nh\u1eadp l\u1ea1i m\u1eadt kh\u1ea9u\">Nh\u1eadp l\u1ea1i m\u1eadt kh\u1ea9u<\/label><\/div><div class='ff-el-input--content'><input type=\"password\" name=\"password_2\" id=\"ff_3_password_2\" class=\"ff-el-form-control\" data-name=\"password_2\"  aria-invalid=\"false\" aria-required=\"true\"><\/div><\/div><\/div><\/div><div class='ff-el-group'><div class=\"ff-el-input--label ff-el-is-required asterisk-right\"><label for='ff_3_co_quan' id='label_ff_3_co_quan' aria-label=\"C\u01a1 quan c\u00f4ng t\u00e1c \/ Tr\u01b0\u1eddng h\u1ecdc\">C\u01a1 quan c\u00f4ng t\u00e1c \/ Tr\u01b0\u1eddng h\u1ecdc<\/label><\/div><div class='ff-el-input--content'><input type=\"text\" name=\"co_quan\" class=\"ff-el-form-control\" placeholder=\"Thong Nhat Hospital\" data-name=\"co_quan\" id=\"ff_3_co_quan\"  aria-invalid=\"false\" aria-required=\"true\"><\/div><\/div><div class='ff-el-group'><div class=\"ff-el-input--label ff-el-is-required asterisk-right\"><label for='ff_3_khoa_phong' id='label_ff_3_khoa_phong' aria-label=\"Khoa \/ Ph\u00f2ng\">Khoa \/ Ph\u00f2ng<\/label><\/div><div class='ff-el-input--content'><input type=\"text\" name=\"khoa_phong\" class=\"ff-el-form-control\" placeholder=\"Khoa Y\" data-name=\"khoa_phong\" id=\"ff_3_khoa_phong\"  aria-invalid=\"false\" aria-required=\"true\"><\/div><\/div><div class='ff-el-group'><div class=\"ff-el-input--label ff-el-is-required asterisk-right\"><label for='ff_3_chuc_danh' id='label_ff_3_chuc_danh' aria-label=\"Ch\u1ee9c danh\">Ch\u1ee9c danh<\/label><\/div><div class='ff-el-input--content'><input type=\"text\" name=\"chuc_danh\" class=\"ff-el-form-control\" placeholder=\"Sinh vi\u00ean, B\u00e1c s\u0129, \u0110i\u1ec1u d\u01b0\u1ee1ng,....\" data-name=\"chuc_danh\" id=\"ff_3_chuc_danh\"  aria-invalid=\"false\" aria-required=\"true\"><\/div><\/div><div class='ff-el-group' ><div class='ff-el-input--content'><div data-fluent_id='3' name='cf-turnstile-response'><div\n\t\tdata-sitekey='0x4AAAAAABfjWTpagpxtHozC'\n\t\tdata-theme='light'\n\t\tid='fluentform-turnstile-3-1'\n\t\tclass='ff-el-turnstile cf-turnstile'\n\t\tdata-appearance='always'><\/div><\/div><\/div><\/div><div class='ff-el-group    ff-el-input--content'><div class='ff-el-form-check ff-el-tc'><label aria-label='Terms and Conditions: Vi\u1ec7c ghi danh t\u1ee9c l\u00e0 b\u1ea1n \u0111\u00e3 \u0111\u1ed3ng \u00fd v\u1edbi nh\u1eefng quy \u0111\u1ecbnh v\u00e0 \u0111i\u1ec1u kho\u1ea3n c\u1ee7a B\u1ec7nh vi\u1ec7n Th\u1ed1ng Nh\u1ea5t Contains 1 link. Use tab navigation to review.' class='ff-el-form-check-label ff_tc_label' for=\"terms-n-condition_8ad713eacff047928096e60da1a12fc6\"> <div class='ff_t_c'><p>Vi\u1ec7c ghi danh t\u1ee9c l\u00e0 b\u1ea1n \u0111\u00e3 \u0111\u1ed3ng \u00fd v\u1edbi nh\u1eefng <a href=\"#\" target=\"_blank\" rel=\"noopener\">quy \u0111\u1ecbnh v\u00e0 \u0111i\u1ec1u kho\u1ea3n<\/a> c\u1ee7a B\u1ec7nh vi\u1ec7n Th\u1ed1ng Nh\u1ea5t<\/p><\/div><\/label><\/div><\/div><div class='ff-el-group ff-text-center ff_submit_btn_wrapper'><button type=\"submit\" class=\"ff-btn ff-btn-submit ff-btn-lg ff_btn_style\"  aria-label=\"Ghi Danh\">Ghi Danh<\/button><\/div><\/fieldset><input type=\"hidden\" name=\"trp-form-language\" value=\"en\"\/><\/form><div id='fluentform_3_errors' class='ff-errors-in-stack ff_form_instance_3_1 ff-form-loading_errors ff_form_instance_3_1_errors'><\/div><\/div>            <script type=\"text\/javascript\">\n                window.fluent_form_ff_form_instance_3_1 = {\"id\":\"3\",\"settings\":{\"layout\":{\"labelPlacement\":\"top\",\"asteriskPlacement\":\"asterisk-right\",\"helpMessagePlacement\":\"with_label\",\"errorMessagePlacement\":\"inline\",\"cssClassName\":\"\"},\"restrictions\":{\"denyEmptySubmission\":{\"enabled\":false}}},\"form_instance\":\"ff_form_instance_3_1\",\"form_id_selector\":\"fluentform_3\",\"rules\":{\"first_name\":{\"required\":{\"value\":true,\"message\":\"Tr\\u01b0\\u1eddng n\\u00e0y l\\u00e0 b\\u1eaft bu\\u1ed9c\",\"global_message\":\"Tr\\u01b0\\u1eddng n\\u00e0y l\\u00e0 b\\u1eaft bu\\u1ed9c\",\"global\":true}},\"last_name\":{\"required\":{\"value\":true,\"message\":\"Tr\\u01b0\\u1eddng n\\u00e0y l\\u00e0 b\\u1eaft bu\\u1ed9c\",\"global_message\":\"Tr\\u01b0\\u1eddng n\\u00e0y l\\u00e0 b\\u1eaft bu\\u1ed9c\",\"global\":true}},\"username_1\":{\"required\":{\"value\":true,\"message\":\"Tr\\u01b0\\u1eddng n\\u00e0y l\\u00e0 b\\u1eaft bu\\u1ed9c\",\"global_message\":\"Tr\\u01b0\\u1eddng n\\u00e0y l\\u00e0 b\\u1eaft bu\\u1ed9c\",\"global\":true}},\"email_2\":{\"required\":{\"value\":true,\"message\":\"Tr\\u01b0\\u1eddng n\\u00e0y l\\u00e0 b\\u1eaft bu\\u1ed9c\",\"global_message\":\"Tr\\u01b0\\u1eddng n\\u00e0y l\\u00e0 b\\u1eaft bu\\u1ed9c\",\"global\":true},\"email\":{\"value\":true,\"message\":\"Tr\\u01b0\\u1eddng n\\u00e0y ph\\u1ea3i ch\\u1ee9a m\\u1ed9t email h\\u1ee3p l\\u1ec7\",\"global_message\":\"Tr\\u01b0\\u1eddng n\\u00e0y ph\\u1ea3i ch\\u1ee9a m\\u1ed9t email h\\u1ee3p l\\u1ec7\",\"global\":true}},\"password\":{\"required\":{\"value\":true,\"message\":\"Tr\\u01b0\\u1eddng n\\u00e0y l\\u00e0 b\\u1eaft bu\\u1ed9c\",\"global_message\":\"Tr\\u01b0\\u1eddng n\\u00e0y l\\u00e0 b\\u1eaft bu\\u1ed9c\",\"global\":true}},\"password_2\":{\"required\":{\"value\":true,\"message\":\"Tr\\u01b0\\u1eddng n\\u00e0y l\\u00e0 b\\u1eaft bu\\u1ed9c\",\"global_message\":\"Tr\\u01b0\\u1eddng n\\u00e0y l\\u00e0 b\\u1eaft bu\\u1ed9c\",\"global\":true}},\"co_quan\":{\"required\":{\"value\":true,\"message\":\"Tr\\u01b0\\u1eddng n\\u00e0y l\\u00e0 b\\u1eaft bu\\u1ed9c\",\"global_message\":\"Tr\\u01b0\\u1eddng n\\u00e0y l\\u00e0 b\\u1eaft bu\\u1ed9c\",\"global\":true}},\"khoa_phong\":{\"required\":{\"value\":true,\"message\":\"Tr\\u01b0\\u1eddng n\\u00e0y l\\u00e0 b\\u1eaft bu\\u1ed9c\",\"global_message\":\"Tr\\u01b0\\u1eddng n\\u00e0y l\\u00e0 b\\u1eaft bu\\u1ed9c\",\"global\":true}},\"chuc_danh\":{\"required\":{\"value\":true,\"message\":\"Tr\\u01b0\\u1eddng n\\u00e0y l\\u00e0 b\\u1eaft bu\\u1ed9c\",\"global_message\":\"Tr\\u01b0\\u1eddng n\\u00e0y l\\u00e0 b\\u1eaft bu\\u1ed9c\",\"global\":true}},\"cf-turnstile-response\":[],\"terms-n-condition\":{\"required\":{\"value\":false,\"message\":\"Tr\\u01b0\\u1eddng n\\u00e0y l\\u00e0 b\\u1eaft bu\\u1ed9c\",\"global_message\":\"Tr\\u01b0\\u1eddng n\\u00e0y l\\u00e0 b\\u1eaft bu\\u1ed9c\",\"global\":true}}},\"debounce_time\":300};\n                            <\/script>\n            \t\t\n\t\t\t\t\n\t<\/div>\n\t<\/section>","protected":false},"excerpt":{"rendered":"\u0110\u0103ng K\u00fd Th\u00e0nh Vi\u00ean Vui l\u00f2ng \u0111i\u1ec1n \u0111\u1ea7y \u0111\u1ee7 th\u00f4ng tin \u0111\u1ec3 ti\u1ebfn h\u00e0nh \u0111\u0103ng k\u00fd \u0110\u0103ng k\u00fd th\u00e0nh vi\u00ean&#916; H\u1ecdT\u00eanT\u00ean \u0111\u0103ng nh\u1eadpEmailM\u1eadt kh\u1ea9uNh\u1eadp l\u1ea1i m\u1eadt kh\u1ea9uC\u01a1 quan c\u00f4ng t\u00e1c \/ Tr\u01b0\u1eddng h\u1ecdcKhoa \/ Ph\u00f2ngCh\u1ee9c danh Vi\u1ec7c ghi danh t\u1ee9c l\u00e0 b\u1ea1n \u0111\u00e3 \u0111\u1ed3ng \u00fd v\u1edbi nh\u1eefng quy \u0111\u1ecbnh v\u00e0 \u0111i\u1ec1u kho\u1ea3n c\u1ee7a B\u1ec7nh vi\u1ec7n [&hellip;]","protected":false},"author":1,"featured_media":0,"parent":0,"menu_order":0,"comment_status":"closed","ping_status":"closed","template":"","meta":{"footnotes":""},"class_list":["post-18","page","type-page","status-publish","hentry"],"_links":{"self":[{"href":"https:\/\/bvtn.edu.vn\/en\/wp-json\/wp\/v2\/pages\/18","targetHints":{"allow":["GET"]}}],"collection":[{"href":"https:\/\/bvtn.edu.vn\/en\/wp-json\/wp\/v2\/pages"}],"about":[{"href":"https:\/\/bvtn.edu.vn\/en\/wp-json\/wp\/v2\/types\/page"}],"author":[{"embeddable":true,"href":"https:\/\/bvtn.edu.vn\/en\/wp-json\/wp\/v2\/users\/1"}],"replies":[{"embeddable":true,"href":"https:\/\/bvtn.edu.vn\/en\/wp-json\/wp\/v2\/comments?post=18"}],"version-history":[{"count":0,"href":"https:\/\/bvtn.edu.vn\/en\/wp-json\/wp\/v2\/pages\/18\/revisions"}],"wp:attachment":[{"href":"https:\/\/bvtn.edu.vn\/en\/wp-json\/wp\/v2\/media?parent=18"}],"curies":[{"name":"wp","href":"https:\/\/api.w.org\/{rel}","templated":true}]}}