{"id":18073,"date":"2024-01-20T23:39:44","date_gmt":"2024-01-20T16:39:44","guid":{"rendered":"https:\/\/bvtn.edu.vn\/?page_id=18073"},"modified":"2025-11-10T15:12:12","modified_gmt":"2025-11-10T08:12:12","slug":"danh-sach-de-tai-duoc-chap-thuan","status":"publish","type":"page","link":"https:\/\/bvtn.edu.vn\/en\/hoi-dong-dao-duc-trong-nghien-cuu-y-sinh-hoc\/danh-sach-de-tai-duoc-chap-thuan\/","title":{"rendered":"Danh s\u00e1ch \u0111\u1ec1 t\u00e0i \u0111\u01b0\u1ee3c ch\u1ea5p thu\u1eadn"},"content":{"rendered":"<div data-elementor-type=\"wp-page\" data-elementor-id=\"18073\" class=\"elementor elementor-18073\" data-elementor-post-type=\"page\">\n\t\t\t\t\t\t<section data-particle_enable=\"false\" data-particle-mobile-disabled=\"false\" class=\"elementor-section elementor-top-section elementor-element elementor-element-ca65f57 elementor-section-boxed elementor-section-height-default elementor-section-height-default\" data-id=\"ca65f57\" data-element_type=\"section\" data-settings=\"{&quot;background_background&quot;:&quot;classic&quot;}\">\n\t\t\t\t\t\t<div class=\"elementor-container elementor-column-gap-no\">\n\t\t\t\t\t<div class=\"elementor-column elementor-col-100 elementor-top-column elementor-element elementor-element-765e9f2\" data-id=\"765e9f2\" data-element_type=\"column\">\n\t\t\t<div class=\"elementor-widget-wrap elementor-element-populated\">\n\t\t\t\t\t\t<div class=\"elementor-element elementor-element-9f1d0c4 elementor-widget elementor-widget-heading\" data-id=\"9f1d0c4\" data-element_type=\"widget\" data-widget_type=\"heading.default\">\n\t\t\t\t<div class=\"elementor-widget-container\">\n\t\t\t\t\t<h1 class=\"elementor-heading-title elementor-size-default\"><a href=\"https:\/\/bvtn.edu.vn\/en\/hoi-dong-dao-duc-trong-nghien-cuu-y-sinh-hoc\/\">H\u1ed8I \u0110\u1ed2NG \u0110\u1ea0O \u0110\u1ee8C TRONG NGHI\u00caN C\u1ee8U Y SINH H\u1eccC<\/a><\/h1>\t\t\t\t<\/div>\n\t\t\t\t<\/div>\n\t\t\t\t<div class=\"elementor-element elementor-element-ab891e8 elementor-widget elementor-widget-heading\" data-id=\"ab891e8\" data-element_type=\"widget\" data-widget_type=\"heading.default\">\n\t\t\t\t<div class=\"elementor-widget-container\">\n\t\t\t\t\t<span class=\"elementor-heading-title elementor-size-default\"><b>Ch\u1ee7 t\u1ecbch H\u1ed9i \u0111\u1ed3ng: <\/b> PGS. TS. BS. V\u00f5 Th\u00e0nh To\u00e0n<br \/>\n<b>\u0110\u1ecba ch\u1ec9: <\/b>01 L\u00fd Th\u01b0\u1eddng Ki\u1ec7t, Ph\u01b0\u1eddng T\u00e2n S\u01a1n Nh\u1ea5t, TP. HCM<br \/>\n<b>\u0110i\u1ec7n tho\u1ea1i:<\/b> (028) 38690277 (S\u1ed1 n\u1ed9i b\u1ed9: 723 ho\u1eb7c 721)<\/span>\t\t\t\t<\/div>\n\t\t\t\t<\/div>\n\t\t\t\t\t<\/div>\n\t\t<\/div>\n\t\t\t\t\t<\/div>\n\t\t<\/section>\n\t\t\t\t<section data-particle_enable=\"false\" data-particle-mobile-disabled=\"false\" class=\"elementor-section elementor-top-section elementor-element elementor-element-e3b7e23 elementor-reverse-tablet elementor-reverse-mobile elementor-section-boxed elementor-section-height-default elementor-section-height-default\" data-id=\"e3b7e23\" data-element_type=\"section\" data-settings=\"{&quot;background_background&quot;:&quot;classic&quot;}\">\n\t\t\t\t\t\t<div class=\"elementor-container elementor-column-gap-default\">\n\t\t\t\t\t<div class=\"elementor-column elementor-col-100 elementor-top-column elementor-element elementor-element-5e2ec5d\" data-id=\"5e2ec5d\" data-element_type=\"column\" data-settings=\"{&quot;background_background&quot;:&quot;classic&quot;}\">\n\t\t\t<div class=\"elementor-widget-wrap elementor-element-populated\">\n\t\t\t\t\t\t<div class=\"elementor-element elementor-element-d644d89 elementor-widget elementor-widget-heading\" data-id=\"d644d89\" data-element_type=\"widget\" data-widget_type=\"heading.default\">\n\t\t\t\t<div class=\"elementor-widget-container\">\n\t\t\t\t\t<h2 class=\"elementor-heading-title elementor-size-default\">DANH S\u00c1CH \u0110\u1ec0 T\u00c0I \u0110\u01af\u1ee2C CH\u1ea4P THU\u1eacN <\/h2>\t\t\t\t<\/div>\n\t\t\t\t<\/div>\n\t\t\t\t<div class=\"elementor-element elementor-element-1bb1521 elementor-widget elementor-widget-text-editor\" data-id=\"1bb1521\" data-element_type=\"widget\" data-widget_type=\"text-editor.default\">\n\t\t\t\t<div class=\"elementor-widget-container\">\n\t\t\t\t\t\t\t\t\t<p>D\u01b0\u1edbi \u0111\u00e2y l\u00e0 danh s\u00e1ch \u0111\u1ec1 t\u00e0i \u0111\u01b0\u1ee3c \u0111\u00e3 \u0111\u01b0\u1ee3c H\u1ed9i \u0111\u1ed3ng \u0111\u1ea1o \u0111\u1ee9c trong nghi\u00ean c\u1ee9u Y sinh h\u1ecdc c\u1ee7a B\u1ec7nh vi\u1ec7n Th\u1ed1ng Nh\u1ea5t xem x\u00e9t v\u1ec1 kh\u00eda c\u1ea1nh \u0111\u1ea1o \u0111\u1ee9c v\u00e0 t\u00ednh an to\u00e0n, cho ph\u00e9p th\u1ef1c hi\u1ec7n, tri\u1ec3n khai \u0111\u1ec1 t\u00e0i t\u1ea1i B\u1ec7nh vi\u1ec7n Th\u1ed1ng Nh\u1ea5t.<\/p><p>Danh s\u00e1ch \u0111\u01b0\u1ee3c c\u1eadp nh\u1eadt t\u1eeb th\u00e1ng 11 n\u0103m 2025<\/p>\t\t\t\t\t\t\t\t<\/div>\n\t\t\t\t<\/div>\n\t\t\t\t<div class=\"elementor-element elementor-element-b7275d9 elementor-widget elementor-widget-eael-advanced-data-table\" data-id=\"b7275d9\" data-element_type=\"widget\" data-widget_type=\"eael-advanced-data-table.default\">\n\t\t\t\t<div class=\"elementor-widget-container\">\n\t\t\t\t\t<div class=\"ea-advanced-data-table-wrap\" data-id=\"b7275d9\"><div class=\"ea-advanced-data-table-search-wrap ea-advanced-data-table-search-right\"><input type=\"search\" placeholder=\"T\u00ecm ki\u1ebfm \u0111\u1ec1 t\u00e0i\" class=\"ea-advanced-data-table-search\"><\/div><div class=\"ea-advanced-data-table-wrap-inner\">\n                <table class=\"ea-advanced-data-table ea-advanced-data-table-google ea-advanced-data-table-b7275d9 ea-advanced-data-table-sortable ea-advanced-data-table-paginated ea-advanced-data-table-searchable\" data-id=\"b7275d9\" data-items-per-page=\"10\"><thead><tr><th style=\"width:\">M\u00c3 S\u1ed0<\/th><th style=\"width:\">T\u00caN \u0110\u1ec0 T\u00c0I<\/th><th style=\"width:\">CH\u1ee6 NHI\u1ec6M \u0110\u1ec0 T\u00c0I<\/th><th style=\"width:\">\u0110\u01a0N V\u1eca<\/th><th style=\"width:\">TH\u1edcI GIAN L\u1ea4Y M\u1eaaU<\/th><th style=\"width:\">GI\u1ea4Y CH\u1ea4P THU\u1eacN<\/th><th style=\"width:\">NG\u00c0Y CH\u1ea4P THU\u1eacN<\/th><\/tr><\/thead><tbody><tr><td>25201-BVTN<\/td><td>Nghi\u00ean c\u1ee9u m\u00f4 h\u00ecnh ti\u00ean l\u01b0\u1ee3ng g\u00e3y x\u01b0\u01a1ng \u0111\u1ed1t s\u1ed1ng \u1edf ng\u01b0\u1eddi cao tu\u1ed5i<\/td><td>Hu\u1ef3nh Kh\u00f4i Nguy\u00ean<\/td><td>\u0110\u1ea1i h\u1ecdc Y D\u01b0\u1ee3c TP.HCM<\/td><td>10\/2025 - 10\/2028<\/td><td>201<\/td><td>17\/11\/2025<\/td><\/tr><tr><td>25202-BVTN<\/td><td>Nghi\u00ean c\u1ee9u kh\u1ea3o s\u00e1t t\u00ecnh h\u00ecnh s\u1eed d\u1ee5ng thu\u1ed1c tr\u00ean b\u1ec7nh nh\u00e2n \u0111i\u1ec1u tr\u1ecb b\u1ec7nh th\u1eadn m\u1ea1n<\/td><td>Ph\u1ea1m Th\u1ecb Thu Hi\u1ec1n\nTr\u1ea7n Th\u1ecb H\u1ed3ng Nguy\u00ean\nQuang \u00c1nh Nguy\u1ec7t<\/td><td>Thong Nhat Hospital<\/td><td>11\/2025 - 01\/2026<\/td><td>202<\/td><td>24\/11\/2025<\/td><\/tr><tr><td>25203-BVTN<\/td><td>B\u01b0\u1edbc \u0111\u1ea7u kh\u1ea3o s\u00e1t hi\u1ec7u qu\u1ea3 c\u1ee7a ph\u00e1c \u0111\u1ed3 c\u1ea5y ch\u1ec9 k\u1ebft h\u1ee3p nh\u0129 ch\u00e2m trong h\u1ed3i ph\u1ee5c ch\u1ee9c n\u0103ng ru\u1ed9t ng\u01b0\u1eddi b\u1ec7nh ph\u1eabu thu\u1eadt n\u1ed9i soi \u0111\u1ea1i tr\u1ef1c tr\u00e0ng t\u1ea1i b\u1ec7nh vi\u1ec7n Th\u1ed1ng Nh\u1ea5t<\/td><td>V\u0169 Th\u1ecb Ly Na, H\u1ed3 H\u1eefu \u0110\u1ee9c, Nguy\u1ec5n Th\u1ecb Qu\u1ebf Chi, Tr\u1ea7n Ho\u00e0ng<\/td><td>Thong Nhat Hospital<\/td><td>11\/2025 - 07\/2026 <\/td><td>203<\/td><td>24\/11\/2025<\/td><\/tr><tr><td>25204-BVTN<\/td><td>Kh\u1ea3o s\u00e1t hi\u1ec7u qu\u1ea3 can thi\u1ec7p c\u1ee7a d\u01b0\u1ee3c s\u0129 l\u00e2m s\u00e0ng trong d\u1ef1 ph\u00f2ng thuy\u00ean t\u1eafc huy\u1ebft kh\u1ed1i t\u0129nh m\u1ea1ch \u1edf ng\u01b0\u1eddi b\u1ec7nh ngo\u1ea1i khoa t\u1ea1i B\u1ec7nh vi\u1ec7n Th\u1ed1ng Nh\u1ea5t<\/td><td>V\u00f5 Th\u1ecb Tuy\u1ebft Di\u1ec7u<\/td><td>\u0110\u1ea1i h\u1ecdc Y D\u01b0\u1ee3c TP.HCM<\/td><td>11\/2025 - 11\/2026<\/td><td>204<\/td><td>17\/11\/2025<\/td><\/tr><tr><td>25205-BVTN<\/td><td>\u0110\u00e1nh gi\u00e1 hi\u1ec7u qu\u1ea3 can thi\u1ec7p d\u01b0\u1ee3c l\u00e2m s\u00e0ng tr\u00ean vi\u1ec7c s\u1eed d\u1ee5ng kh\u00e1ng sinh d\u1ef1 ph\u00f2ng trong ph\u1eabu thu\u1eadt ti\u00eau h\u00f3a t\u1ea1i B\u1ec7nh vi\u1ec7n Th\u1ed1ng Nh\u1ea5t<\/td><td>Nguy\u1ec5n Th\u1ecb Ng\u1ecdc T\u00fa<\/td><td>\u0110\u1ea1i h\u1ecdc Y D\u01b0\u1ee3c TP.HCM<\/td><td>11\/2025 - 11\/2026<\/td><td>205<\/td><td>17\/11\/2025<\/td><\/tr><tr><td>25206-BVTN<\/td><td>\u0110\u00e1nh gi\u00e1 ch\u1ea5t l\u01b0\u1ee3ng s\u1ed1ng c\u1ee7a ng\u01b0\u1eddi b\u1ec7nh tho\u00e1i h\u00f3a kh\u1edbp g\u1ed1i \u0111i\u1ec1u tr\u1ecb t\u1ea1i B\u1ec7nh vi\u1ec7n Th\u1ed1ng Nh\u1ea5t Th\u00e0nh ph\u1ed1 H\u1ed3 Ch\u00ed Minh giai \u0111o\u1ea1n 2025-2026<\/td><td>Tr\u01b0\u01a1ng Xu\u00e2n Dung<\/td><td>\u0110\u1ea1i h\u1ecdc Y D\u01b0\u1ee3c TP.HCM<\/td><td>01\/2026 - 03\/2026<\/td><td>206<\/td><td>17\/11\/2025<\/td><\/tr><tr><td>25207-BVTN<\/td><td>\u0110\u00e1nh gi\u00e1 hi\u1ec7u qu\u1ea3 can thi\u1ec7p dinh d\u01b0\u1ee1ng \u1edf b\u1ec7nh nh\u00e2n ph\u1eabu thu\u1eadt c\u1eaft d\u1ea1 d\u00e0y do ung th\u01b0 t\u1ea1i B\u1ec7nh vi\u1ec7n Th\u1ed1ng Nh\u1ea5t<\/td><td>Ph\u1ea1m Nguy\u1ec5n Tr\u00e2m Anh, L\u00e2m Thanh Th\u1ea3o, Nguy\u1ec5n \u0110\u1ee9c Nguy\u00ean Ch\u01b0\u01a1ng, Tr\u01b0\u01a1ng Ph\u1ea1m Ti\u1ebfn Lu\u1eadn, INPENG XAIYAPHONE<\/td><td>Tr\u01b0\u1eddng \u0110\u1ea1i h\u1ecdc Nguy\u1ec5n T\u1ea5t Th\u00e0nh<\/td><td>10\/2025 - 01\/2026<\/td><td>211<\/td><td>21\/11\/2025<\/td><\/tr><tr><td>25208-BVTN<\/td><td>Kh\u1ea3o s\u00e1t t\u00ecnh h\u00ecnh s\u1eed d\u1ee5ng thu\u1ed1c tr\u00ean ng\u01b0\u1eddi b\u1ec7nh ph\u1eabu thu\u1eadt tuy\u1ebfn ti\u1ec1n li\u1ec7t t\u1ea1i khoa Ngo\u1ea1i th\u1eadn - Ti\u1ebft ni\u1ec7u B\u1ec7nh vi\u1ec7n Th\u1ed1ng Nh\u1ea5t<\/td><td>Hu\u1ef3nh Ng\u1ecdc Minh Khu\u00ea<\/td><td>\u0110\u1ea1i h\u1ecdc Y D\u01b0\u1ee3c TP.HCM<\/td><td>11\/2025 - 06\/2025<\/td><td>208<\/td><td>17\/11\/2025<\/td><\/tr><tr><td>25209-BVTN<\/td><td>\u0110\u00e1nh gi\u00e1 hi\u1ec7u qu\u1ea3 can thi\u1ec7p c\u1ee7a d\u01b0\u1ee3c s\u0129 l\u00e2m s\u00e0ng trong d\u1ef1 ph\u00f2ng huy\u1ebft kh\u1ed1i t\u0129nh m\u1ea1ch \u1edf ng\u01b0\u1eddi b\u1ec7nh n\u1ed9i khoa t\u1ea1i B\u1ec7nh vi\u1ec7n Th\u1ed1ng Nh\u1ea5t<\/td><td>H\u1ed3 Nguy\u1ec5n Minh Th\u01a1<\/td><td>\u0110\u1ea1i h\u1ecdc Y D\u01b0\u1ee3c TP.HCM<\/td><td>11\/2025 - 06\/2025<\/td><td>209<\/td><td>17\/11\/2025<\/td><\/tr><tr><td>25210-BVTN<\/td><td>Kh\u1ea3o s\u00e1t c\u00e1c y\u1ebfu t\u1ed1 li\u00ean quan \u0111\u1ebfn tr\u1ea7m c\u1ea3m v\u00e0 \u0111\u1eb7c \u0111i\u1ec3m s\u1eed d\u1ee5ng thu\u1ed1c tr\u00ean ng\u01b0\u1eddi b\u1ec7nh \u0111\u1ebfn kh\u00e1m ngo\u1ea1i tr\u00fa t\u1ea1i khoa N\u1ed9i Th\u1ea7n kinh, b\u1ec7nh vi\u1ec7n Th\u1ed1ng Nh\u1ea5t<\/td><td>L\u00ea Duy T\u00e2n<\/td><td>\u0110\u1ea1i h\u1ecdc Y D\u01b0\u1ee3c TP.HCM<\/td><td>11\/2025 - 06\/2025<\/td><td>210<\/td><td>17\/11\/2025<\/td><\/tr><tr><td>25211-BVTN<\/td><td>Kh\u1ea3o s\u00e1t t\u00ecnh h\u00ecnh s\u1eed d\u1ee5ng thu\u1ed1c ch\u1ed1ng n\u00f4n tr\u00ean b\u1ec7nh nh\u00e2n ung th\u01b0 h\u00f3a tr\u1ecb t\u1ea1i B\u1ec7nh vi\u1ec7n Th\u1ed1ng Nh\u1ea5t<\/td><td>Th\u00e1i M\u1ef9 Thanh<\/td><td>\u0110\u1ea1i h\u1ecdc Y D\u01b0\u1ee3c TP.HCM<\/td><td>12\/2025 - 05\/2026<\/td><td>212<\/td><td>21\/11\/2025<\/td><\/tr><tr><td>25212-BVTN<\/td><td>Kh\u1ea3o s\u00e1t t\u00ecnh h\u00ecnh s\u1eed d\u1ee5ng thu\u1ed1c \u0111i\u1ec1u tr\u1ecb ung th\u01b0 v\u00fa t\u1ea1i B\u1ec7nh vi\u1ec7n Th\u1ed1ng Nh\u1ea5t<\/td><td>Tr\u1ea7n V\u00f5 Thanh T\u00e2m<\/td><td>\u0110\u1ea1i h\u1ecdc Y D\u01b0\u1ee3c TP.HCM<\/td><td>12\/2025 - 05\/2026<\/td><td>213<\/td><td>21\/11\/2025<\/td><\/tr><tr><td>25213-BVTN<\/td><td>Nghi\u00ean c\u1ee9u \u1ee9ng d\u1ee5ng ERAS trong ph\u1eabu thu\u1eadt tim, l\u1ed3ng ng\u1ef1c, m\u1ea1ch m\u00e1u \u1edf ng\u01b0\u1edd tr\u00ean v\u00e0 d\u01b0\u1edbi 60 tu\u1ed5i t\u1ea1i B\u1ec7nh vi\u1ec7n Th\u1ed1ng Nh\u1ea5t<\/td><td>Nguy\u1ec5n \u0110\u1ed7 Nh\u00e2n<\/td><td>Thong Nhat Hospital<\/td><td>01\/2024 - 01\/2026<\/td><td>223<\/td><td>04\/12\/2025<\/td><\/tr><tr><td>25214-BVTN<\/td><td>M\u00f4 h\u00ecnh h\u1ecdc m\u00e1y d\u1ef1 \u0111o\u00e1n nhi\u1ec5m khu\u1ea9n huy\u1ebft do vi khu\u1ea9n gram \u00e2m kh\u00e1ng carbapenem \u1edf b\u1ec7nh nh\u00e2n h\u1ed3i s\u1ee9c t\u00edch c\u1ef1c<\/td><td>V\u00f5 Trung \u0110\u00ecnh<\/td><td>\u0110\u1ea1i h\u1ecdc Y D\u01b0\u1ee3c TP.HCM<\/td><td>12\/2025 - 12\/2026<\/td><td>224<\/td><td>04\/12\/2025<\/td><\/tr><tr><td>25215-BVTN<\/td><td>Kh\u1ea3o s\u00e1t s\u1ee9c kho\u1ebb t\u00ecnh d\u1ee5c cho ng\u01b0\u1eddi cao tu\u1ed5i b\u1eb1ng thang Short Sexual Well-Being Scale<\/td><td>Nguy\u1ec5n Thanh Hu\u00e2n, Nguy\u1ec5n Th\u1ecb Mai H\u01b0\u01a1ng, L\u00e2m Th\u00e0nh V\u0129<\/td><td>Thong Nhat Hospital<\/td><td>12\/2025 - 02\/2026<\/td><td>225<\/td><td>08\/12\/2025<\/td><\/tr><tr><td>25216-BVTN<\/td><td>X\u00e2y d\u1ef1ng v\u00e0 th\u1ea9m \u0111\u1ecbnh b\u1ed9 c\u00e2u h\u1ecfi kh\u1ea3o s\u00e1t r\u00e0o c\u1ea3n c\u1ee7a b\u00e1c s\u0129 trong ch\u1ea9n \u0111o\u00e1n v\u00e0 \u0111i\u1ec1u tr\u1ecb suy tim ph\u00e2n su\u1ea5t t\u1ed1ng m\u00e1u b\u1ea3o t\u1ed3n \u1edf ng\u01b0\u1eddi cao tu\u1ed5i<\/td><td>Nguy\u1ec5n  Thanh Hu\u00e2n, Nguy\u1ec5n Th\u1ecb Mai H\u01b0\u01a1ng, Nguy\u1ec5n Quang Huy<\/td><td>Thong Nhat Hospital<\/td><td>02\/2026 - 05\/2026<\/td><td>226<\/td><td>08\/12\/2025<\/td><\/tr><tr><td>25217-BVTN<\/td><td>D\u1ea5u \u1ea5n sinh h\u1ecdc Beta Amyloid 42, tau Phosphoryl h\u00f3a, tau to\u00e0n ph\u1ea7n trong d\u1ecbch n\u00e3o t\u1ee7y \u1edf b\u1ec7nh nh\u00e2n suy gi\u1ea3m nh\u1eadn th\u1ee9c t\u1ea1i B\u1ec7nh vi\u1ec7n Th\u1ed1ng Nh\u1ea5t<\/td><td>Ng\u00f4 Ki\u1ebfn \u0110\u1ee9c, Nguy\u1ec5n Th\u1ecb Ph\u01b0\u01a1ng Nga, \u0110\u1ed7 Th\u1ecb Thanh \u0110\u00f4ng, Nguy\u1ec5n Th\u1ecb Ng\u1ecdc S\u01b0\u01a1ng, Tr\u1ea7n Qu\u1ed1c Ti\u1ebfn<\/td><td>Thong Nhat Hospital<\/td><td>12\/2025 - 08\/2026<\/td><td>227<\/td><td>08\/12\/2025<\/td><\/tr><tr><td>25218-BVTN<\/td><td>Ph\u00e2n t\u00edch xu h\u01b0\u1edbng v\u00e0 kh\u00e1c bi\u1ec7t theo tu\u1ed5i trong s\u1eed d\u1ee5ng thu\u1ed1c \u0111i\u1ec1u tr\u1ecb suy tim ph\u00e2n su\u1ea5t t\u1ed1ng m\u00e1u gi\u1ea3m t\u1ea1i B\u1ec7nh vi\u1ec7n Th\u1ed1ng Nh\u1ea5t<\/td><td>Nguy\u1ec5n Th\u1ecb Mai H\u01b0\u01a1ng, V\u00f5 Th\u1ecb Th\u00f9y Li\u00ean, Nguy\u1ec5n Thanh Hu\u00e2n<\/td><td>Thong Nhat Hospital<\/td><td>01\/2026 - 10\/2026<\/td><td>228<\/td><td>    15\/12\/2025<\/td><\/tr><tr><td>25219-BVTN<\/td><td>\u0110\u00e1nh gi\u00e1 hi\u1ec7u qu\u1ea3 c\u1ee7a ph\u00e1c \u0111\u1ed3 \u0111i\u1ec7n ch\u00e2m k\u1ebft h\u1ee3p gi\u00e1c h\u01a1i so v\u1edbi \u0111i\u1ec7n ch\u00e2m tr\u00ean ng\u01b0\u1eddi b\u1ec7nh \u0111au vai t\u1ea1i B\u1ec7nh vi\u1ec7n Th\u1ed1ng Nh\u1ea5t<\/td><td>Nguy\u1ec5n Th\u1ecb Qu\u1ebf Chi, V\u0169 Th\u1ecb Ly Na, Tr\u1ea7n Ho\u00e0ng, Tr\u01b0\u01a1ng Di\u1ec5m Qu\u1ef3nh<\/td><td>Thong Nhat Hospital<\/td><td>11\/2025 - 01\/2026<\/td><td>229<\/td><td>    15\/12\/2025<\/td><\/tr><tr><td>25220-BVTN<\/td><td>K\u1ebft qu\u1ea3 b\u01b0\u1edbc \u0111\u1ea7u c\u1ee7a ph\u1eabu thu\u1eadt c\u1eaft n\u1ed1i th\u1ea5p sau x\u1ea1 tr\u1ecb d\u00e0i ng\u00e0y \u1edf b\u1ec7nh nh\u00e2n ung th\u01b0 tr\u1ef1c tr\u00e0ng giai \u0111o\u1ea1n ti\u1ebfn tri\u1ec3n t\u1ea1i ch\u1ed7 t\u1ea1i B\u1ec7nh vi\u1ec7n Th\u1ed1ng Nh\u1ea5t<\/td><td>Nguy\u1ec5n \u0110\u0103ng Vi\u1ec7t Nh\u1eadt, Tr\u1ea7n Nguy\u1ec5n Ph\u01b0\u01a1ng Anh, Nguy\u1ec5n T\u1ea5n B\u1ea3o, Hu\u1ef3nh Anh Th\u01b0, Tr\u1ea7n Th\u1ecb B\u1ea3o Tr\u00e2n<\/td><td>Tr\u01b0\u1eddng \u0110\u1ea1i h\u1ecdc Nguy\u1ec5n T\u1ea5t Th\u00e0nh<\/td><td>12\/2025 - 01\/2026<\/td><td>230<\/td><td>19\/12\/2025<\/td><\/tr><tr><td>25221-BVTN<\/td><td>\u0110\u00e1nh gi\u00e1 k\u1ebft qu\u1ea3 s\u1edbm ph\u1eabu thu\u1eadt c\u1ea5p c\u1ee9u \u1ed1ng ti\u00eau h\u00f3a \u1edf ng\u01b0\u1eddi cao tu\u1ed5i t\u1ea1i B\u1ec7nh vi\u1ec7n Th\u1ed1ng Nh\u1ea5t t\u1eeb 01\/2024 - 06\/2025<\/td><td>Ph\u1ea1m Nguy\u00ean V\u00e2n Kh\u00e1nh, \u0110\u1eb7ng Ng\u1ecdc H\u00e2n, Nguy\u1ec5n Gia B\u1ea3o, D\u01b0\u01a1ng \u0110\u00ecnh Quang \u0110\u1ee9c, H\u1ee9a Minh Tr\u00ed<\/td><td>Tr\u01b0\u1eddng \u0110\u1ea1i h\u1ecdc Nguy\u1ec5n T\u1ea5t Th\u00e0nh<\/td><td>10\/2025 - 01\/2026<\/td><td>231<\/td><td>19\/12\/2025<\/td><\/tr><tr><td>25222-BVTN<\/td><td>\u1ee8ng d\u1ee5ng ph\u01b0\u01a1ng ph\u00e1p mi\u1ec5n d\u1ecbch \u0111i\u1ec7n h\u00f3a ph\u00e1t quang x\u00e1c \u0111\u1ecbnh HBsAg, HBeAg v\u00e0 t\u1ea3i l\u01b0\u1ee3ng HBV-DNA b\u1eb1ng ph\u01b0\u01a1ng ph\u00e1p Realtime PCR tr\u00ean b\u1ec7nh nh\u00e2n ngo\u1ea1i tr\u00fa t\u1ea1i b\u1ec7nh vi\u1ec7n Th\u1ed1ng Nh\u1ea5t<\/td><td>Phan Ph\u00fac Thi\u1ec7n<\/td><td>Tr\u01b0\u1eddng \u0110\u1ea1i h\u1ecdc Qu\u1ed1c t\u1ebf H\u1ed3ng B\u00e0ng<\/td><td>12\/2025 - 08\/2026<\/td><td>232<\/td><td>19\/12\/2025<\/td><\/tr><tr><td>25223-BVTN<\/td><td>K\u1ebft qu\u1ea3 b\u01b0\u1edbc \u0111\u1ea7u \u0111i\u1ec1u tr\u1ecb t\u1eafc ru\u1ed9t do ung th\u01b0 \u0111\u1ea1i tr\u1ef1c tr\u00e0ng c\u00f3 \u0111\u1eb7t \u1ed1ng gi\u1ea3m \u00e1p d\u01b0\u1edbi h\u01b0\u1edbng d\u1eabn c\u1ee7a n\u1ed9i soi qua ng\u00e3 h\u1eadu m\u00f4n t\u1ea1i B\u1ec7nh vi\u1ec7n Th\u1ed1ng Nh\u1ea5t<\/td><td>Ph\u1ea1m Tu\u1ea5n V\u0169, L\u1ee5c Nh\u01b0 \u0110i\u1ec1n, H\u00e0 V\u0129nh An, CHAITHIVONG PHETLAVANH<\/td><td>Tr\u01b0\u1eddng \u0110\u1ea1i H\u1ecdc Nguy\u1ec5n T\u1ea5t Th\u00e0nh<\/td><td>10\/2025 - 01\/2026<\/td><td>233<\/td><td>21\/12\/2025<\/td><\/tr><tr><td>25224-BVTN<\/td><td>Qu\u1ea3n l\u00fd ngu\u1ed3n nh\u00e2n l\u1ef1c li\u00ean quan \u0111\u1ebfn s\u1ef1 g\u1eafn k\u1ebft v\u00e0 hi\u1ec7u su\u1ea5t c\u00f4ng vi\u1ec7c qua nh\u1eadn th\u1ee9c c\u1ee7a \u0111i\u1ec1u d\u01b0\u1ee1ng t\u1ea1i n\u0103m b\u1ec7nh vi\u1ec7n th\u00e0nh ph\u1ed1 H\u1ed3 Ch\u00ed Minh<\/td><td>Hu\u1ef3nh Thi Ph\u01b0\u1ee3ng, B\u00f9i Th\u1ecb Thu Th\u1ee7y, Cam Ng\u1ecdc Th\u00fay, Nguy\u1ec5n Th\u1ecb Ti\u1ebfn, Nguy\u1ec5n Th\u1ecb Ng\u1ecdc C\u1ea7n, Nguy\u1ec5n V\u0103n D\u1eeba, Ho\u00e0ng KC Trang<\/td><td>Vi\u1ec7n Nghi\u00ean c\u1ee9u v\u00e0 \u0110\u00e0o t\u1ea1o Y D\u01b0\u1ee3c An Sinh<\/td><td>03\/2026 - 06\/2026<\/td><td>234<\/td><td>21\/12\/2025<\/td><\/tr><tr><td>25225-BVTN<\/td><td>Kh\u1ea3o s\u00e1t \u0111\u1ed9 ph\u00e2n b\u1ed1 k\u00edch th\u01b0\u1edbc b\u1ea1ch c\u1ea7u \u0111\u01a1n nh\u00e2n b\u1eb1ng ph\u01b0\u01a1ng ph\u00e1p laser, CRP, PCT tr\u00ean b\u1ec7nh nh\u00e2n nhi\u1ec5m tr\u00f9ng huy\u1ebft t\u1ea1i B\u1ec7nh vi\u1ec7n Th\u1ed1ng Nh\u1ea5t<\/td><td>\u0110\u00e0o Th\u1ecb Ph\u01b0\u01a1ng Anh<\/td><td>Tr\u01b0\u1eddng \u0110\u1ea1i h\u1ecdc Qu\u1ed1c t\u1ebf H\u1ed3ng B\u00e0ng<\/td><td>11\/2025 - 05\/2026<\/td><td>235<\/td><td>21\/12\/2025<\/td><\/tr><tr><td>25226-BVTN<\/td><td>Kh\u1ea3o s\u00e1t c\u00e1c ch\u1ec9 s\u1ed1 huy\u1ebft h\u1ecdc v\u00e0 ti\u1ec3u c\u1ea7u l\u01b0\u1edbi b\u1eb1ng ph\u01b0\u01a1ng ph\u00e1p \u0111o quang \u1edf b\u1ec7nh nh\u00e2n s\u1ed1t xu\u1ea5t huy\u1ebft Dengue t\u1ea1i b\u1ec7nh vi\u1ec7n Th\u1ed1ng Nh\u1ea5t.<\/td><td>Nguy\u1ec5n S\u0129 Th\u00f4ng<\/td><td>Tr\u01b0\u1eddng \u0110\u1ea1i h\u1ecdc Qu\u1ed1c t\u1ebf H\u1ed3ng B\u00e0ng<\/td><td>11\/2025 - 05\/2026<\/td><td>236<\/td><td>21\/12\/2025<\/td><\/tr><\/tbody><\/table>\n            <\/div><div class=\"ea-advanced-data-table-pagination ea-advanced-data-table-pagination-button clearfix\"><\/div><\/div>\t\t\t\t<\/div>\n\t\t\t\t<\/div>\n\t\t\t\t<div class=\"elementor-element elementor-element-9f2ba8d elementor-widget elementor-widget-heading\" data-id=\"9f2ba8d\" data-element_type=\"widget\" data-widget_type=\"heading.default\">\n\t\t\t\t<div class=\"elementor-widget-container\">\n\t\t\t\t\t<h2 class=\"elementor-heading-title elementor-size-default\">Th\u1eddi gian, \u0111\u1ecba \u0111i\u1ec3m v\u00e0 li\u00ean h\u1ec7<\/h2>\t\t\t\t<\/div>\n\t\t\t\t<\/div>\n\t\t\t\t<div class=\"elementor-element elementor-element-10cc03e elementor-widget elementor-widget-text-editor\" data-id=\"10cc03e\" data-element_type=\"widget\" data-widget_type=\"text-editor.default\">\n\t\t\t\t<div class=\"elementor-widget-container\">\n\t\t\t\t\t\t\t\t\t<p><strong>Th\u1eddi gian:<\/strong> gi\u1edd h\u00e0nh ch\u00ednh theo th\u1eddi gian \u0111\u01b0\u1ee3c h\u1eb9n qua email c\u1ee7a nghi\u00ean c\u1ee9u vi\u00ean sau khi n\u1ed9p h\u1ed3 s\u01a1 online.<\/p><p><strong>\u0110\u1ecba \u0111i\u1ec3m: <\/strong>Ph\u00f2ng Nghi\u00ean c\u1ee9u Khoa h\u1ecdc &#8211; L\u1ea7u 6 &#8211; B\u1ec7nh vi\u1ec7n Th\u1ed1ng Nh\u1ea5t &#8211; S\u1ed1 01 L\u00fd Th\u01b0\u1eddng Ki\u1ec7t, P. T\u00e2n S\u01a1n Nh\u1ea5t, TP. HCM<\/p><p><strong>Li\u00ean h\u1ec7:<\/strong><\/p><ul><li>CN. Tr\u1ea7n L\u00ea Phi<\/li><li>S\u0110T: (028) 38690277 Nh\u00e1nh 723 ho\u1eb7c 721<\/li><li>Email: yduc@bvtn.edu.vn<\/li><\/ul>\t\t\t\t\t\t\t\t<\/div>\n\t\t\t\t<\/div>\n\t\t\t\t\t<\/div>\n\t\t<\/div>\n\t\t\t\t\t<\/div>\n\t\t<\/section>\n\t\t\t\t<\/div>","protected":false},"excerpt":{"rendered":"H\u1ed8I \u0110\u1ed2NG \u0110\u1ea0O \u0110\u1ee8C TRONG NGHI\u00caN C\u1ee8U Y SINH H\u1eccC Ch\u1ee7 t\u1ecbch H\u1ed9i \u0111\u1ed3ng: PGS. TS. BS. V\u00f5 Th\u00e0nh To\u00e0n \u0110\u1ecba ch\u1ec9: 01 L\u00fd Th\u01b0\u1eddng Ki\u1ec7t, Ph\u01b0\u1eddng T\u00e2n S\u01a1n Nh\u1ea5t, TP. HCM \u0110i\u1ec7n tho\u1ea1i: (028) 38690277 (S\u1ed1 n\u1ed9i b\u1ed9: 723 ho\u1eb7c 721) DANH S\u00c1CH \u0110\u1ec0 T\u00c0I \u0110\u01af\u1ee2C CH\u1ea4P THU\u1eacN D\u01b0\u1edbi \u0111\u00e2y l\u00e0 danh s\u00e1ch \u0111\u1ec1 [&hellip;]","protected":false},"author":1,"featured_media":0,"parent":16550,"menu_order":0,"comment_status":"closed","ping_status":"closed","template":"","meta":{"footnotes":""},"class_list":["post-18073","page","type-page","status-publish","hentry"],"_links":{"self":[{"href":"https:\/\/bvtn.edu.vn\/en\/wp-json\/wp\/v2\/pages\/18073","targetHints":{"allow":["GET"]}}],"collection":[{"href":"https:\/\/bvtn.edu.vn\/en\/wp-json\/wp\/v2\/pages"}],"about":[{"href":"https:\/\/bvtn.edu.vn\/en\/wp-json\/wp\/v2\/types\/page"}],"author":[{"embeddable":true,"href":"https:\/\/bvtn.edu.vn\/en\/wp-json\/wp\/v2\/users\/1"}],"replies":[{"embeddable":true,"href":"https:\/\/bvtn.edu.vn\/en\/wp-json\/wp\/v2\/comments?post=18073"}],"version-history":[{"count":15,"href":"https:\/\/bvtn.edu.vn\/en\/wp-json\/wp\/v2\/pages\/18073\/revisions"}],"predecessor-version":[{"id":22202,"href":"https:\/\/bvtn.edu.vn\/en\/wp-json\/wp\/v2\/pages\/18073\/revisions\/22202"}],"up":[{"embeddable":true,"href":"https:\/\/bvtn.edu.vn\/en\/wp-json\/wp\/v2\/pages\/16550"}],"wp:attachment":[{"href":"https:\/\/bvtn.edu.vn\/en\/wp-json\/wp\/v2\/media?parent=18073"}],"curies":[{"name":"wp","href":"https:\/\/api.w.org\/{rel}","templated":true}]}}