{"id":18252,"date":"2024-01-23T10:36:22","date_gmt":"2024-01-23T03:36:22","guid":{"rendered":"https:\/\/bvtn.edu.vn\/?page_id=18252"},"modified":"2024-03-25T15:01:10","modified_gmt":"2024-03-25T08:01:10","slug":"tra-cuu","status":"publish","type":"page","link":"https:\/\/bvtn.edu.vn\/en\/tra-cuu\/","title":{"rendered":"Tra c\u1ee9u v\u0103n b\u1eb1ng, ch\u1ee9ng ch\u1ec9 c\u1ea5p b\u1edfi B\u1ec7nh vi\u1ec7n Th\u1ed1ng Nh\u1ea5t"},"content":{"rendered":"\t\t<div data-elementor-type=\"wp-page\" data-elementor-id=\"18252\" class=\"elementor elementor-18252\" data-elementor-post-type=\"page\">\n\t\t\t\t\t\t<section data-particle_enable=\"false\" data-particle-mobile-disabled=\"false\" class=\"elementor-section elementor-top-section elementor-element elementor-element-c6619bf elementor-section-boxed elementor-section-height-default elementor-section-height-default\" data-id=\"c6619bf\" data-element_type=\"section\" data-settings=\"{&quot;background_background&quot;:&quot;classic&quot;}\">\n\t\t\t\t\t\t\t<div class=\"elementor-background-overlay\"><\/div>\n\t\t\t\t\t\t\t<div class=\"elementor-container elementor-column-gap-default\">\n\t\t\t\t\t<div class=\"elementor-column elementor-col-100 elementor-top-column elementor-element elementor-element-8a6c25d\" data-id=\"8a6c25d\" data-element_type=\"column\">\n\t\t\t<div class=\"elementor-widget-wrap elementor-element-populated\">\n\t\t\t\t\t\t<div class=\"elementor-element elementor-element-9b7b53a elementor-align-left elementor-widget-mobile__width-auto elementor-widget__width-auto elementor-widget elementor-widget-breadcrumbs\" data-id=\"9b7b53a\" data-element_type=\"widget\" data-widget_type=\"breadcrumbs.default\">\n\t\t\t\t<div class=\"elementor-widget-container\">\n\t\t\t\t\t<span><span class=\"last\">Trang ch\u1ee7<\/span><\/span>\t\t\t\t<\/div>\n\t\t\t\t<\/div>\n\t\t\t\t<div class=\"elementor-element elementor-element-b128df4 elementor-widget elementor-widget-heading\" data-id=\"b128df4\" data-element_type=\"widget\" data-widget_type=\"heading.default\">\n\t\t\t\t<div class=\"elementor-widget-container\">\n\t\t\t\t\t<h1 class=\"elementor-heading-title elementor-size-default\">Tra c\u1ee9u v\u0103n b\u1eb1ng, ch\u1ee9ng ch\u1ec9 c\u1ea5p b\u1edfi B\u1ec7nh vi\u1ec7n Th\u1ed1ng Nh\u1ea5t<\/h1>\t\t\t\t<\/div>\n\t\t\t\t<\/div>\n\t\t\t\t\t<\/div>\n\t\t<\/div>\n\t\t\t\t\t<\/div>\n\t\t<\/section>\n\t\t\t\t<section data-particle_enable=\"false\" data-particle-mobile-disabled=\"false\" class=\"elementor-section elementor-top-section elementor-element elementor-element-09d3d32 elementor-reverse-mobile elementor-section-boxed elementor-section-height-default elementor-section-height-default\" data-id=\"09d3d32\" data-element_type=\"section\" data-settings=\"{&quot;background_background&quot;:&quot;classic&quot;}\">\n\t\t\t\t\t\t<div class=\"elementor-container elementor-column-gap-no\">\n\t\t\t\t\t<div class=\"elementor-column elementor-col-100 elementor-top-column elementor-element elementor-element-a3cf6ec\" data-id=\"a3cf6ec\" data-element_type=\"column\" data-settings=\"{&quot;background_background&quot;:&quot;classic&quot;}\">\n\t\t\t<div class=\"elementor-widget-wrap elementor-element-populated\">\n\t\t\t\t\t\t<div class=\"elementor-element elementor-element-4af2bd2 elementor-widget elementor-widget-heading\" data-id=\"4af2bd2\" data-element_type=\"widget\" data-widget_type=\"heading.default\">\n\t\t\t\t<div class=\"elementor-widget-container\">\n\t\t\t\t\t<div class=\"elementor-heading-title elementor-size-default\">H\u1ecdc vi\u00ean vui l\u00f2ng \u0111i\u1ec1n \u0111\u1ea7y \u0111\u1ee7 s\u1ed1 hi\u1ec7u v\u0103n b\u1eb1ng, h\u1ecd v\u00e0 t\u00ean \u0111\u1ec3 ki\u1ec3m tra ch\u1ee9ng ch\u1ec9. L\u01b0u \u00fd: hi\u1ec7n t\u1ea1i t\u00ednh n\u0103ng \u0111ang trong giai \u0111o\u1ea1n th\u1eed nghi\u1ec7m<\/div>\t\t\t\t<\/div>\n\t\t\t\t<\/div>\n\t\t\t\t<div class=\"elementor-element elementor-element-47366be elementor-button-align-stretch elementor-widget elementor-widget-form\" data-id=\"47366be\" data-element_type=\"widget\" data-settings=\"{&quot;step_next_label&quot;:&quot;Next&quot;,&quot;step_previous_label&quot;:&quot;Previous&quot;,&quot;button_width&quot;:&quot;20&quot;,&quot;step_type&quot;:&quot;number_text&quot;,&quot;step_icon_shape&quot;:&quot;circle&quot;}\" data-widget_type=\"form.default\">\n\t\t\t\t<div class=\"elementor-widget-container\">\n\t\t\t\t\t\t\t<form class=\"elementor-form\" method=\"post\" name=\"New Form\" aria-label=\"New Form\">\r\n\t\t\t<input type=\"hidden\" name=\"post_id\" value=\"18252\"\/>\r\n\t\t\t<input type=\"hidden\" name=\"form_id\" value=\"47366be\"\/>\r\n\t\t\t<input type=\"hidden\" name=\"referer_title\" value=\"Tra c\u1ee9u v\u0103n b\u1eb1ng, ch\u1ee9ng ch\u1ec9 c\u1ea5p b\u1edfi B\u1ec7nh vi\u1ec7n Th\u1ed1ng Nh\u1ea5t\" \/>\r\n\r\n\t\t\t\t\t\t\t<input type=\"hidden\" name=\"queried_id\" value=\"18252\"\/>\r\n\t\t\t\r\n\t\t\t<div class=\"elementor-form-fields-wrapper elementor-labels-above\">\r\n\t\t\t\t\t\t\t\t<div class=\"elementor-field-type-select elementor-field-group elementor-column elementor-field-group-loai elementor-col-25 elementor-field-required elementor-mark-required\">\r\n\t\t\t\t\t\t\t\t\t\t\t\t<label for=\"form-field-loai\" class=\"elementor-field-label\">\r\n\t\t\t\t\t\t\t\tLo\u1ea1i v\u0103n b\u1eb1ng\t\t\t\t\t\t\t<\/label>\r\n\t\t\t\t\t\t\t\t<div class=\"elementor-field elementor-select-wrapper remove-before \">\r\n\t\t\t<div class=\"select-caret-down-wrapper\">\r\n\t\t\t\t<i aria-hidden=\"true\" class=\"eicon-caret-down\"><\/i>\t\t\t<\/div>\r\n\t\t\t<select name=\"form_fields[loai]\" id=\"form-field-loai\" class=\"elementor-field-textual elementor-size-sm\" required=\"required\">\r\n\t\t\t\t\t\t\t\t\t<option value=\"giay\">Ch\u1ee9ng ch\u1ec9 gi\u1ea5y<\/option>\r\n\t\t\t\t\t\t\t\t\t<option value=\"dientu\">Ch\u1ee9ng ch\u1ec9 \u0111i\u1ec7n t\u1eed<\/option>\r\n\t\t\t\t\t\t\t<\/select>\r\n\t\t<\/div>\r\n\t\t\t\t\t\t<\/div>\r\n\t\t\t\t\t\t\t\t<div class=\"elementor-field-type-text elementor-field-group elementor-column elementor-field-group-degree elementor-col-25 elementor-field-required elementor-mark-required\">\r\n\t\t\t\t\t\t\t\t\t\t\t\t<label for=\"form-field-degree\" class=\"elementor-field-label\">\r\n\t\t\t\t\t\t\t\tS\u1ed1 hi\u1ec7u v\u0103n b\u1eb1ng\t\t\t\t\t\t\t<\/label>\r\n\t\t\t\t\t\t\t\t\t\t\t\t\t\t<input size=\"1\" type=\"text\" name=\"form_fields[degree]\" id=\"form-field-degree\" class=\"elementor-field elementor-size-sm  elementor-field-textual\" placeholder=\"BVTN-123\" required=\"required\">\r\n\t\t\t\t\t\t\t\t\t\t\t<\/div>\r\n\t\t\t\t\t\t\t\t<div class=\"elementor-field-type-text elementor-field-group elementor-column elementor-field-group-name elementor-col-30 elementor-field-required elementor-mark-required\">\r\n\t\t\t\t\t\t\t\t\t\t\t\t<label for=\"form-field-name\" class=\"elementor-field-label\">\r\n\t\t\t\t\t\t\t\tH\u1ecd v\u00e0 t\u00ean\t\t\t\t\t\t\t<\/label>\r\n\t\t\t\t\t\t\t\t\t\t\t\t\t\t<input size=\"1\" type=\"text\" name=\"form_fields[name]\" id=\"form-field-name\" class=\"elementor-field elementor-size-sm  elementor-field-textual\" placeholder=\"H\u1ecd v\u00e0 t\u00ean c\u00f3 d\u1ea5u\" required=\"required\">\r\n\t\t\t\t\t\t\t\t\t\t\t<\/div>\r\n\t\t\t\t\t\t\t\t<div class=\"elementor-field-group elementor-column elementor-field-type-submit elementor-col-20 e-form__buttons\">\r\n\t\t\t\t\t<button class=\"elementor-button elementor-size-sm\" type=\"submit\">\r\n\t\t\t\t\t\t<span class=\"elementor-button-content-wrapper\">\r\n\t\t\t\t\t\t\t\t\t\t\t\t\t\t\t\t\t\t\t\t\t\t<span class=\"elementor-button-text\">T\u00ecm ki\u1ebfm ch\u1ee9ng ch\u1ec9<\/span>\r\n\t\t\t\t\t\t\t\t\t\t\t\t\t<\/span>\r\n\t\t\t\t\t<\/button>\r\n\t\t\t\t<\/div>\r\n\t\t\t<\/div>\r\n\t\t<\/form>\r\n\t\t\t\t\t\t<\/div>\n\t\t\t\t<\/div>\n\t\t\t\t<div class=\"elementor-element elementor-element-0b558a1 elementor-widget elementor-widget-shortcode\" data-id=\"0b558a1\" data-element_type=\"widget\" data-widget_type=\"shortcode.default\">\n\t\t\t\t<div class=\"elementor-widget-container\">\n\t\t\t\t\t\t\t<div class=\"elementor-shortcode\">[certificate_verification]<\/div>\n\t\t\t\t\t\t<\/div>\n\t\t\t\t<\/div>\n\t\t\t\t\t<\/div>\n\t\t<\/div>\n\t\t\t\t\t<\/div>\n\t\t<\/section>\n\t\t\t\t<\/div>\n\t\t","protected":false},"excerpt":{"rendered":"Trang ch\u1ee7 H\u1ecdc vi\u00ean vui l\u00f2ng \u0111i\u1ec1n \u0111\u1ea7y \u0111\u1ee7 s\u1ed1 hi\u1ec7u v\u0103n b\u1eb1ng, h\u1ecd v\u00e0 t\u00ean \u0111\u1ec3 ki\u1ec3m tra ch\u1ee9ng ch\u1ec9. L\u01b0u \u00fd: hi\u1ec7n t\u1ea1i t\u00ednh n\u0103ng \u0111ang trong giai \u0111o\u1ea1n th\u1eed nghi\u1ec7m [certificate_verification]","protected":false},"author":1,"featured_media":0,"parent":0,"menu_order":0,"comment_status":"closed","ping_status":"closed","template":"","meta":{"footnotes":""},"class_list":["post-18252","page","type-page","status-publish","hentry"],"_links":{"self":[{"href":"https:\/\/bvtn.edu.vn\/en\/wp-json\/wp\/v2\/pages\/18252","targetHints":{"allow":["GET"]}}],"collection":[{"href":"https:\/\/bvtn.edu.vn\/en\/wp-json\/wp\/v2\/pages"}],"about":[{"href":"https:\/\/bvtn.edu.vn\/en\/wp-json\/wp\/v2\/types\/page"}],"author":[{"embeddable":true,"href":"https:\/\/bvtn.edu.vn\/en\/wp-json\/wp\/v2\/users\/1"}],"replies":[{"embeddable":true,"href":"https:\/\/bvtn.edu.vn\/en\/wp-json\/wp\/v2\/comments?post=18252"}],"version-history":[{"count":0,"href":"https:\/\/bvtn.edu.vn\/en\/wp-json\/wp\/v2\/pages\/18252\/revisions"}],"wp:attachment":[{"href":"https:\/\/bvtn.edu.vn\/en\/wp-json\/wp\/v2\/media?parent=18252"}],"curies":[{"name":"wp","href":"https:\/\/api.w.org\/{rel}","templated":true}]}}