{"id":15807,"date":"2023-07-28T08:29:04","date_gmt":"2023-07-28T01:29:04","guid":{"rendered":"https:\/\/bvtn.edu.vn\/?post_type=product&#038;p=15807"},"modified":"2024-10-15T23:59:04","modified_gmt":"2024-10-15T16:59:04","slug":"huong-dan-su-dung-khang-sinh-2020","status":"publish","type":"product","link":"https:\/\/bvtn.edu.vn\/en\/product\/huong-dan-su-dung-khang-sinh-2020\/","title":{"rendered":"H\u01b0\u1edbng d\u1eabn s\u1eed d\u1ee5ng kh\u00e1ng sinh 2020"},"content":{"rendered":"<h2>S\u1ef1 ra \u0111\u1eddi c\u1ee7a kh\u00e1ng sinh v\u00e0 th\u00e1ch th\u1ee9c hi\u1ec7n t\u1ea1i<\/h2>\r\nS\u1ef1 ra \u0111\u1eddi c\u1ee7a kh\u00e1ng sinh \u0111\u00e3 \u0111\u00e1nh d\u1ea5u m\u1ed9t b\u01b0\u1edbc ngo\u1eb7t quan tr\u1ecdng trong l\u1ecbch s\u1eed y h\u1ecdc, m\u1edf ra k\u1ef7 nguy\u00ean m\u1edbi trong vi\u1ec7c \u0111i\u1ec1u tr\u1ecb c\u00e1c b\u1ec7nh nhi\u1ec5m khu\u1ea9n. Tuy nhi\u00ean, vi\u1ec7c l\u1ea1m d\u1ee5ng v\u00e0 s\u1eed d\u1ee5ng kh\u00f4ng h\u1ee3p l\u00fd kh\u00e1ng sinh \u0111\u00e3 g\u00e2y ra nhi\u1ec1u v\u1ea5n \u0111\u1ec1 nghi\u00eam tr\u1ecdng, bao g\u1ed3m s\u1ef1 xu\u1ea5t hi\u1ec7n c\u1ee7a c\u00e1c ch\u1ee7ng vi khu\u1ea9n kh\u00e1ng thu\u1ed1c. \u0110i\u1ec1u n\u00e0y \u0111\u1eb7t ra m\u1ed9t th\u00e1ch th\u1ee9c l\u1edbn cho c\u00e1c b\u00e1c s\u0129 v\u00e0 nh\u00e2n vi\u00ean y t\u1ebf trong vi\u1ec7c \u0111i\u1ec1u tr\u1ecb b\u1ec7nh nhi\u1ec5m khu\u1ea9n.\r\n<h2>T\u1ea7m quan tr\u1ecdng c\u1ee7a qu\u1ea3n l\u00fd s\u1eed d\u1ee5ng kh\u00e1ng sinh<\/h2>\r\nTr\u01b0\u1edbc th\u00f4ng \u0111i\u1ec7p quan tr\u1ecdng t\u1eeb T\u1ed5 ch\u1ee9c Y t\u1ebf Th\u1ebf gi\u1edbi: &#8220;No action today; no cure tomorrow (Kh\u00f4ng h\u00e0nh \u0111\u1ed9ng h\u00f4m nay, ng\u00e0y mai kh\u00f4ng thu\u1ed1c ch\u1eefa)&#8221;, B\u1ed9 Y t\u1ebf \u0111\u00e3 ban h\u00e0nh quy\u1ebft \u0111\u1ecbnh 5631\/Q\u0110-BYT n\u0103m 2020, h\u01b0\u1edbng d\u1eabn th\u1ef1c hi\u1ec7n qu\u1ea3n l\u00fd s\u1eed d\u1ee5ng kh\u00e1ng sinh trong b\u1ec7nh vi\u1ec7n. \u0110i\u1ec1u n\u00e0y nh\u1eb1m \u0111\u1ea3m b\u1ea3o hi\u1ec7u qu\u1ea3 v\u00e0 an to\u00e0n trong vi\u1ec7c s\u1eed d\u1ee5ng kh\u00e1ng sinh, gi\u1ea3m thi\u1ec3u c\u00e1c bi\u1ebfn c\u1ed1 kh\u00f4ng mong mu\u1ed1n v\u00e0 ng\u0103n ch\u1eb7n s\u1ef1 ph\u00e1t tri\u1ec3n c\u1ee7a c\u00e1c ch\u1ee7ng vi khu\u1ea9n kh\u00e1ng thu\u1ed1c.\r\n<h2>Gi\u1edbi thi\u1ec7u v\u1ec1 cu\u1ed1n s\u00e1ch &#8220;H\u01b0\u1edbng d\u1eabn s\u1eed d\u1ee5ng kh\u00e1ng sinh&#8221;<\/h2>\r\nCu\u1ed1n s\u00e1ch &#8220;H\u01b0\u1edbng d\u1eabn s\u1eed d\u1ee5ng kh\u00e1ng sinh&#8221; l\u00e0 m\u1ed9t t\u00e0i li\u1ec7u quan tr\u1ecdng v\u00e0 c\u1ea7n thi\u1ebft cho c\u1ea3 b\u00e1c s\u0129 v\u00e0 nh\u1eefng ng\u01b0\u1eddi quan t\u00e2m \u0111\u1ebfn l\u0129nh v\u1ef1c y h\u1ecdc. \u0110\u01b0\u1ee3c so\u1ea1n th\u1ea3o d\u1ef1a tr\u00ean kinh nghi\u1ec7m th\u1ef1c t\u1ebf c\u1ee7a B\u1ec7nh vi\u1ec7n Th\u1ed1ng Nh\u1ea5t v\u00e0 c\u00e1c h\u01b0\u1edbng d\u1eabn \u0111i\u1ec1u tr\u1ecb b\u1ec7nh l\u00fd nhi\u1ec5m khu\u1ea9n trong n\u01b0\u1edbc v\u00e0 qu\u1ed1c t\u1ebf, cu\u1ed1n s\u00e1ch n\u00e0y l\u00e0 ngu\u1ed3n th\u00f4ng tin uy t\u00edn v\u00e0 ch\u1ea5t l\u01b0\u1ee3ng.\r\n<h2>N\u1ed9i dung v\u00e0 \u01b0u \u0111i\u1ec3m c\u1ee7a cu\u1ed1n s\u00e1ch<\/h2>\r\nCu\u1ed1n s\u00e1ch &#8220;H\u01b0\u1edbng d\u1eabn s\u1eed d\u1ee5ng kh\u00e1ng sinh&#8221; t\u1eadp trung v\u00e0o ph\u00e1c \u0111\u1ed3 \u0111i\u1ec1u tr\u1ecb kh\u00e1ng sinh trong m\u1ed9t s\u1ed1 b\u1ec7nh l\u00fd nhi\u1ec5m khu\u1ea9n th\u01b0\u1eddng g\u1eb7p t\u1ea1i B\u1ec7nh vi\u1ec7n Th\u1ed1ng Nh\u1ea5t, c\u0169ng nh\u01b0 h\u01b0\u1edbng d\u1eabn s\u1eed d\u1ee5ng kh\u00e1ng sinh d\u1ef1 ph\u00f2ng. N\u00f3 cung c\u1ea5p cho ng\u01b0\u1eddi \u0111\u1ecdc nh\u1eefng h\u01b0\u1edbng d\u1eabn chi ti\u1ebft v\u00e0 c\u1ee5 th\u1ec3, gi\u00fap h\u1ecd l\u1ef1a ch\u1ecdn kh\u00e1ng sinh ph\u00f9 h\u1ee3p v\u00e0 hi\u1ec7u qu\u1ea3.\r\n\r\nCu\u1ed1n s\u00e1ch n\u00e0y kh\u00f4ng ch\u1ec9 \u0111\u01a1n thu\u1ea7n l\u00e0 h\u01b0\u1edbng d\u1eabn v\u1ec1 c\u00e1ch s\u1eed d\u1ee5ng kh\u00e1ng sinh m\u1ed9t c\u00e1ch \u0111\u00fang \u0111\u1eafn, m\u00e0 c\u00f2n l\u00e0 m\u1ed9t ngu\u1ed3n t\u01b0 li\u1ec7u quan tr\u1ecdng v\u1ec1 qu\u1ea3n l\u00fd v\u00e0 \u1ee9ng d\u1ee5ng kh\u00e1ng sinh trong \u0111i\u1ec1u tr\u1ecb b\u1ec7nh nhi\u1ec5m khu\u1ea9n. N\u00f3 gi\u00fap ng\u01b0\u1eddi \u0111\u1ecdc hi\u1ec3u r\u00f5 v\u1ec1 t\u1ea7m quan tr\u1ecdng c\u1ee7a vi\u1ec7c qu\u1ea3n l\u00fd s\u1eed d\u1ee5ng kh\u00e1ng sinh, t\u1eeb vi\u1ec7c \u0111\u00e1nh gi\u00e1 nguy c\u01a1 nhi\u1ec5m khu\u1ea9n cho b\u1ec7nh nh\u00e2n, l\u1ef1a ch\u1ecdn kh\u00e1ng sinh ph\u00f9 h\u1ee3p, \u0111\u1ebfn gi\u00e1m s\u00e1t v\u00e0 \u0111\u00e1nh gi\u00e1 hi\u1ec7u qu\u1ea3 \u0111i\u1ec1u tr\u1ecb.\r\n\r\nCu\u1ed1n s\u00e1ch c\u0169ng \u0111\u1ec1 c\u1eadp \u0111\u1ebfn c\u00e1c v\u1ea5n \u0111\u1ec1 quan tr\u1ecdng kh\u00e1c nh\u01b0 c\u00e1c bi\u1ec7n ph\u00e1p ph\u00f2ng ng\u1eeba nhi\u1ec5m khu\u1ea9n, qu\u1ea3n l\u00fd t\u00e1c d\u1ee5ng ph\u1ee5 c\u1ee7a kh\u00e1ng sinh, v\u00e0 c\u00e1c th\u00f4ng tin m\u1edbi nh\u1ea5t v\u1ec1 nghi\u00ean c\u1ee9u v\u00e0 ph\u00e1t tri\u1ec3n kh\u00e1ng sinh. N\u00f3 cung c\u1ea5p cho ng\u01b0\u1eddi \u0111\u1ecdc m\u1ed9t c\u00e1i nh\u00ecn to\u00e0n di\u1ec7n v\u1ec1 vi\u1ec7c s\u1eed d\u1ee5ng kh\u00e1ng sinh v\u00e0 gi\u00fap h\u1ecd \u00e1p d\u1ee5ng nh\u1eefng ph\u01b0\u01a1ng ph\u00e1p t\u1ed1t nh\u1ea5t trong vi\u1ec7c \u0111i\u1ec1u tr\u1ecb b\u1ec7nh nhi\u1ec5m khu\u1ea9n.","protected":false},"excerpt":{"rendered":"Quy\u1ec3n \u201cH\u01b0\u1edbng d\u1eabn s\u1eed d\u1ee5ng kh\u00e1ng sinh\u201d \u0111\u00e3 \u0111\u01b0\u1ee3c so\u1ea1n th\u1ea3o c\u1eadp nh\u1eadt sau phi\u00ean b\u1ea3n n\u0103m 2019, v\u1edbi tr\u1ecdng t\u00e2m l\u00e0 ph\u00e1c \u0111\u1ed3 \u0111i\u1ec1u tr\u1ecb kh\u00e1ng sinh kinh nghi\u1ec7m trong m\u1ed9t s\u1ed1 b\u1ec7nh l\u00fd nhi\u1ec5m khu\u1ea9n th\u01b0\u1eddng g\u1eb7p t\u1ea1i B\u1ec7nh vi\u1ec7n Th\u1ed1ng Nh\u1ea5t v\u00e0 h\u01b0\u1edbng d\u1eabn s\u1eed d\u1ee5ng kh\u00e1ng sinh d\u1ef1 ph\u00f2ng.","protected":false},"featured_media":15808,"comment_status":"open","ping_status":"closed","template":"","meta":[],"product_brand":[],"product_cat":[130],"product_tag":[131,132],"class_list":{"0":"post-15807","1":"product","2":"type-product","3":"status-publish","4":"has-post-thumbnail","6":"product_cat-sach","7":"product_tag-huong-dan-su-dung-khang-sinh","8":"product_tag-khang-sinh","10":"first","11":"outofstock","12":"shipping-taxable","13":"purchasable","14":"product-type-simple"},"_links":{"self":[{"href":"https:\/\/bvtn.edu.vn\/en\/wp-json\/wp\/v2\/product\/15807","targetHints":{"allow":["GET"]}}],"collection":[{"href":"https:\/\/bvtn.edu.vn\/en\/wp-json\/wp\/v2\/product"}],"about":[{"href":"https:\/\/bvtn.edu.vn\/en\/wp-json\/wp\/v2\/types\/product"}],"replies":[{"embeddable":true,"href":"https:\/\/bvtn.edu.vn\/en\/wp-json\/wp\/v2\/comments?post=15807"}],"version-history":[{"count":0,"href":"https:\/\/bvtn.edu.vn\/en\/wp-json\/wp\/v2\/product\/15807\/revisions"}],"wp:featuredmedia":[{"embeddable":true,"href":"https:\/\/bvtn.edu.vn\/en\/wp-json\/wp\/v2\/media\/15808"}],"wp:attachment":[{"href":"https:\/\/bvtn.edu.vn\/en\/wp-json\/wp\/v2\/media?parent=15807"}],"wp:term":[{"taxonomy":"product_brand","embeddable":true,"href":"https:\/\/bvtn.edu.vn\/en\/wp-json\/wp\/v2\/product_brand?post=15807"},{"taxonomy":"product_cat","embeddable":true,"href":"https:\/\/bvtn.edu.vn\/en\/wp-json\/wp\/v2\/product_cat?post=15807"},{"taxonomy":"product_tag","embeddable":true,"href":"https:\/\/bvtn.edu.vn\/en\/wp-json\/wp\/v2\/product_tag?post=15807"}],"curies":[{"name":"wp","href":"https:\/\/api.w.org\/{rel}","templated":true}]}}