{"id":17112,"date":"2023-11-02T13:20:17","date_gmt":"2023-11-02T06:20:17","guid":{"rendered":"https:\/\/bvtn.edu.vn\/?post_type=product&#038;p=17112"},"modified":"2024-10-15T23:59:04","modified_gmt":"2024-10-15T16:59:04","slug":"giao-trinh-lao-hoa-cac-he-co-quan-o-nguoi-cao-tuoi","status":"publish","type":"product","link":"https:\/\/bvtn.edu.vn\/en\/product\/giao-trinh-lao-hoa-cac-he-co-quan-o-nguoi-cao-tuoi\/","title":{"rendered":"Gi\u00e1o tr\u00ecnh L\u00e3o h\u00f3a c\u00e1c h\u1ec7 c\u01a1 quan \u1edf ng\u01b0\u1eddi cao tu\u1ed5i"},"content":{"rendered":"B\u1ea1n c\u00f3 bi\u1ebft r\u1eb1ng Vi\u1ec7t Nam l\u00e0 m\u1ed9t trong nh\u1eefng n\u01b0\u1edbc gi\u00e0 h\u00f3a nhanh nh\u1ea5t th\u1ebf gi\u1edbi?\u00a0Theo b\u00e1o c\u00e1o c\u1ee7a T\u1ed5 ch\u1ee9c Y t\u1ebf Th\u1ebf gi\u1edbi (WHO), v\u00e0o n\u0103m 2020, t\u1ef7 l\u1ec7 ng\u01b0\u1eddi cao tu\u1ed5i (tr\u00ean 60 tu\u1ed5i) chi\u1ebfm 12,1% d\u00e2n s\u1ed1 Vi\u1ec7t Nam v\u00e0 d\u1ef1 ki\u1ebfn s\u1ebd t\u0103ng l\u00ean 17,9% v\u00e0o n\u0103m 2030 v\u00e0 26,1% v\u00e0o n\u0103m 2050. \u0110i\u1ec1u n\u00e0y \u0111\u1eb7t ra nhi\u1ec1u th\u00e1ch th\u1ee9c cho x\u00e3 h\u1ed9i v\u00e0 ng\u00e0nh y t\u1ebf trong n\u01b0\u1edbc v\u1ec1 vi\u1ec7c ch\u0103m s\u00f3c s\u1ee9c kh\u1ecfe cho ng\u01b0\u1eddi cao tu\u1ed5i.\r\n\r\nM\u1ed9t trong nh\u1eefng v\u1ea5n \u0111\u1ec1 quan tr\u1ecdng li\u00ean quan \u0111\u1ebfn s\u1ee9c kh\u1ecfe ng\u01b0\u1eddi cao tu\u1ed5i l\u00e0 qu\u00e1 tr\u00ecnh l\u00e3o h\u00f3a c\u00e1c h\u1ec7 c\u01a1 quan.\u00a0Qu\u00e1 tr\u00ecnh l\u00e3o h\u00f3a l\u00e0 m\u1ed9t hi\u1ec7n t\u01b0\u1ee3ng sinh l\u00fd t\u1ef1 nhi\u00ean x\u1ea3y ra \u1edf m\u1ecdi c\u01a1 quan, m\u00f4 v\u00e0 t\u1ebf b\u00e0o c\u1ee7a c\u01a1 th\u1ec3 theo th\u1eddi gian. Qu\u00e1 tr\u00ecnh l\u00e3o h\u00f3a g\u00e2y ra nh\u1eefng thay \u0111\u1ed5i c\u1ea5u tr\u00fac v\u00e0 ch\u1ee9c n\u0103ng c\u1ee7a c\u00e1c h\u1ec7 c\u01a1 quan, l\u00e0m gi\u1ea3m kh\u1ea3 n\u0103ng th\u00edch \u1ee9ng v\u00e0 ch\u1ed1ng l\u1ea1i c\u00e1c y\u1ebfu t\u1ed1 b\u00ean ngo\u00e0i.\u00a0Nh\u1eefng thay \u0111\u1ed5i n\u00e0y c\u0169ng l\u00e0m cho ng\u01b0\u1eddi cao tu\u1ed5i d\u1ec5 m\u1eafc c\u00e1c b\u1ec7nh m\u00e3n t\u00ednh v\u00e0 suy gi\u1ea3m ch\u1ee9c n\u0103ng.\r\n\r\n\u0110\u1ec3 c\u00f3 th\u1ec3 hi\u1ec3u r\u00f5 v\u00e0 ch\u0103m s\u00f3c t\u1ed1t h\u01a1n cho ng\u01b0\u1eddi cao tu\u1ed5i, nh\u00e2n vi\u00ean y t\u1ebf quan t\u00e2m \u0111\u1ebfn l\u0129nh v\u1ef1c l\u00e3o khoa c\u1ea7n c\u00f3 ki\u1ebfn th\u1ee9c v\u1ec1 qu\u00e1 tr\u00ecnh l\u00e3o h\u00f3a c\u00e1c h\u1ec7 c\u01a1 quan \u1edf ng\u01b0\u1eddi cao tu\u1ed5i. Tuy nhi\u00ean, hi\u1ec7n nay, t\u1ea1i Vi\u1ec7t Nam, t\u00e0i li\u1ec7u chuy\u00ean s\u00e2u v\u1ec1 v\u1ea5n \u0111\u1ec1 n\u00e0y c\u00f2n r\u1ea5t \u00edt. \u0110\u1ec3 \u0111\u00e1p \u1ee9ng nhu c\u1ea7u n\u00e0y, B\u1ec7nh vi\u1ec7n Th\u1ed1ng Nh\u1ea5t &#8211; m\u1ed9t b\u1ec7nh vi\u1ec7n trung \u01b0\u01a1ng chuy\u00ean s\u00e2u v\u1ec1 l\u00e3o khoa &#8211; \u0111\u00e3 ph\u1ed1i h\u1ee3p v\u1edbi c\u00e1c chuy\u00ean gia trong ng\u00e0nh bi\u00ean so\u1ea1n v\u00e0 xu\u1ea5t b\u1ea3n s\u00e1ch gi\u00e1o tr\u00ecnh gi\u1ea3ng d\u1ea1y sau \u0111\u1ea1i h\u1ecdc \u201cL\u00e3o h\u00f3a c\u00e1c h\u1ec7 c\u01a1 quan \u1edf ng\u01b0\u1eddi cao tu\u1ed5i\u201d.\r\n\r\nS\u00e1ch gi\u00e1o tr\u00ecnh n\u00e0y \u0111\u01b0\u1ee3c bi\u00ean so\u1ea1n theo ph\u01b0\u01a1ng ph\u00e1p khoa h\u1ecdc, c\u1eadp nh\u1eadt nh\u1eefng ki\u1ebfn th\u1ee9c m\u1edbi nh\u1ea5t v\u1ec1 l\u00e3o h\u00f3a c\u00e1c h\u1ec7 c\u01a1 quan t\u1eeb c\u00e1c ngu\u1ed3n uy t\u00edn trong v\u00e0 ngo\u00e0i n\u01b0\u1edbc. S\u00e1ch g\u1ed3m 10 ch\u01b0\u01a1ng, m\u1ed7i ch\u01b0\u01a1ng tr\u00ecnh b\u00e0y v\u1ec1 qu\u00e1 tr\u00ecnh l\u00e3o h\u00f3a c\u1ee7a m\u1ed9t h\u1ec7 c\u01a1 quan c\u1ee5 th\u1ec3, bao g\u1ed3m: h\u1ec7 tim m\u1ea1ch, h\u1ec7 ti\u00eau h\u00f3a, h\u1ec7 th\u1ea7n kinh, h\u1ec7 x\u01b0\u01a1ng kh\u1edbp, h\u1ec7 th\u1eadn &#8211; ti\u1ebft ni\u1ec7u, h\u1ec7 sinh d\u1ee5c, h\u1ec7 mi\u1ec5n d\u1ecbch, da v\u00e0 ni\u00eam m\u1ea1c, m\u1eaft v\u00e0 tai. M\u1ed7i ch\u01b0\u01a1ng \u0111\u1ec1u c\u00f3 ph\u1ea7n t\u1ed5ng quan, gi\u1edbi thi\u1ec7u v\u1ec1 c\u1ea5u tr\u00fac v\u00e0 ch\u1ee9c n\u0103ng b\u00ecnh th\u01b0\u1eddng c\u1ee7a h\u1ec7 c\u01a1 quan \u0111\u00f3, sau \u0111\u00f3 l\u00e0 ph\u1ea7n tr\u00ecnh b\u00e0y v\u1ec1 nh\u1eefng thay \u0111\u1ed5i l\u00e3o h\u00f3a c\u1ee7a h\u1ec7 c\u01a1 quan \u0111\u00f3 \u1edf c\u1ea5p \u0111\u1ed9 c\u01a1 quan, m\u00f4 v\u00e0 t\u1ebf b\u00e0o, c\u0169ng nh\u01b0 nh\u1eefng \u1ea3nh h\u01b0\u1edfng c\u1ee7a nh\u1eefng thay \u0111\u1ed5i \u0111\u00f3 \u0111\u1ebfn s\u1ee9c kh\u1ecfe v\u00e0 ch\u1ea5t l\u01b0\u1ee3ng s\u1ed1ng c\u1ee7a ng\u01b0\u1eddi cao tu\u1ed5i. Cu\u1ed1i m\u1ed7i ch\u01b0\u01a1ng \u0111\u1ec1u c\u00f3 ph\u1ea7n t\u00f3m t\u1eaft, c\u00e2u h\u1ecfi \u00f4n t\u1eadp v\u00e0 tham kh\u1ea3o \u0111\u1ec3 gi\u00fap ng\u01b0\u1eddi \u0111\u1ecdc n\u1eafm v\u1eefng ki\u1ebfn th\u1ee9c v\u00e0 t\u00ecm hi\u1ec3u th\u00eam.\r\n\r\nGi\u00e1o tr\u00ecnh gi\u1ea3ng d\u1ea1y sau \u0111\u1ea1i h\u1ecdc \u201cL\u00e3o h\u00f3a c\u00e1c h\u1ec7 c\u01a1 quan \u1edf ng\u01b0\u1eddi cao tu\u1ed5i\u201d l\u00e0 m\u1ed9t t\u00e0i li\u1ec7u b\u1ed5 \u00edch v\u00e0 thi\u1ebft th\u1ef1c cho c\u00e1c b\u00e1c s\u0129, y t\u00e1, sinh vi\u00ean y khoa v\u00e0 nh\u1eefng ng\u01b0\u1eddi quan t\u00e2m \u0111\u1ebfn l\u0129nh v\u1ef1c l\u00e3o khoa. S\u00e1ch kh\u00f4ng ch\u1ec9 cung c\u1ea5p nh\u1eefng ki\u1ebfn th\u1ee9c c\u01a1 b\u1ea3n v\u1ec1 qu\u00e1 tr\u00ecnh l\u00e3o h\u00f3a c\u00e1c h\u1ec7 c\u01a1 quan, m\u00e0 c\u00f2n gi\u00fap ng\u01b0\u1eddi \u0111\u1ecdc c\u00f3 c\u00e1i nh\u00ecn to\u00e0n di\u1ec7n v\u00e0 s\u00e2u s\u1eafc v\u1ec1 s\u1ee9c kh\u1ecfe ng\u01b0\u1eddi cao tu\u1ed5i, t\u1eeb \u0111\u00f3 c\u00f3 th\u1ec3 \u00e1p d\u1ee5ng ph\u00f9 h\u1ee3p v\u00e0 hi\u1ec7u qu\u1ea3 trong vi\u1ec7c ch\u1ea9n \u0111o\u00e1n, \u0111i\u1ec1u tr\u1ecb v\u00e0 ch\u0103m s\u00f3c ng\u01b0\u1eddi cao tu\u1ed5i. S\u00e1ch c\u0169ng l\u00e0 m\u1ed9t c\u00f4ng c\u1ee5 h\u1ed7 tr\u1ee3 cho vi\u1ec7c gi\u1ea3ng d\u1ea1y v\u00e0 h\u1ecdc t\u1eadp chuy\u00ean ng\u00e0nh l\u00e3o khoa.\r\n\r\nN\u1ebfu b\u1ea1n quan t\u00e2m \u0111\u1ebfn s\u00e1ch gi\u00e1o tr\u00ecnh n\u00e0y, b\u1ea1n c\u00f3 th\u1ec3 mua s\u00e1ch b\u1eb1ng c\u00e1ch b\u1ea5m mua ngay ho\u1eb7c li\u00ean h\u1ec7 v\u1edbi B\u1ec7nh vi\u1ec7n Th\u1ed1ng Nh\u1ea5t \u0111\u1ec3 bi\u1ebft th\u00eam chi ti\u1ebft. Ch\u00fac b\u1ea1n c\u00f3 nh\u1eefng tr\u1ea3i nghi\u1ec7m h\u1ecdc t\u1eadp v\u00e0 l\u00e0m vi\u1ec7c hi\u1ec7u qu\u1ea3 v\u1edbi s\u00e1ch gi\u00e1o tr\u00ecnh \u201cL\u00e3o h\u00f3a c\u00e1c h\u1ec7 c\u01a1 quan \u1edf ng\u01b0\u1eddi cao tu\u1ed5i\u201d.","protected":false},"excerpt":{"rendered":"Ch\u1ee7 bi\u00ean:\r\n<strong>PGS. TS. BS L\u00ea \u0110\u00ecnh Thanh<\/strong>","protected":false},"featured_media":17113,"comment_status":"open","ping_status":"closed","template":"","meta":[],"product_brand":[],"product_cat":[130],"product_tag":[185,184,186,187],"class_list":{"0":"post-17112","1":"product","2":"type-product","3":"status-publish","4":"has-post-thumbnail","6":"product_cat-sach","7":"product_tag-giao-trinh-giang-day-sau-dai-hoc","8":"product_tag-giao-trinh-lao-khoa","9":"product_tag-giao-trinh-sau-dai-hoc","10":"product_tag-sach-lao-khoa","12":"first","13":"outofstock","14":"shipping-taxable","15":"purchasable","16":"product-type-simple"},"_links":{"self":[{"href":"https:\/\/bvtn.edu.vn\/en\/wp-json\/wp\/v2\/product\/17112","targetHints":{"allow":["GET"]}}],"collection":[{"href":"https:\/\/bvtn.edu.vn\/en\/wp-json\/wp\/v2\/product"}],"about":[{"href":"https:\/\/bvtn.edu.vn\/en\/wp-json\/wp\/v2\/types\/product"}],"replies":[{"embeddable":true,"href":"https:\/\/bvtn.edu.vn\/en\/wp-json\/wp\/v2\/comments?post=17112"}],"version-history":[{"count":0,"href":"https:\/\/bvtn.edu.vn\/en\/wp-json\/wp\/v2\/product\/17112\/revisions"}],"wp:featuredmedia":[{"embeddable":true,"href":"https:\/\/bvtn.edu.vn\/en\/wp-json\/wp\/v2\/media\/17113"}],"wp:attachment":[{"href":"https:\/\/bvtn.edu.vn\/en\/wp-json\/wp\/v2\/media?parent=17112"}],"wp:term":[{"taxonomy":"product_brand","embeddable":true,"href":"https:\/\/bvtn.edu.vn\/en\/wp-json\/wp\/v2\/product_brand?post=17112"},{"taxonomy":"product_cat","embeddable":true,"href":"https:\/\/bvtn.edu.vn\/en\/wp-json\/wp\/v2\/product_cat?post=17112"},{"taxonomy":"product_tag","embeddable":true,"href":"https:\/\/bvtn.edu.vn\/en\/wp-json\/wp\/v2\/product_tag?post=17112"}],"curies":[{"name":"wp","href":"https:\/\/api.w.org\/{rel}","templated":true}]}}