{"id":19484,"date":"2024-11-01T20:52:51","date_gmt":"2024-11-01T13:52:51","guid":{"rendered":"https:\/\/bvtn.edu.vn\/?post_type=product&#038;p=19484"},"modified":"2024-11-02T10:12:22","modified_gmt":"2024-11-02T03:12:22","slug":"benh-tim-mach-o-nguoi-cao-tuoi-trong-thuc-hanh-lam-sang","status":"publish","type":"product","link":"https:\/\/bvtn.edu.vn\/en\/product\/benh-tim-mach-o-nguoi-cao-tuoi-trong-thuc-hanh-lam-sang\/","title":{"rendered":"B\u1ec7nh Tim M\u1ea1ch \u1ede Ng\u01b0\u1eddi Cao Tu\u1ed5i Trong Th\u1ef1c H\u00e0nh L\u00e2m S\u00e0ng"},"content":{"rendered":"C\u00f9ng v\u1edbi s\u1ef1 ph\u00e1t tri\u1ec3n m\u1ea1nh m\u1ebd c\u1ee7a h\u1ec7 th\u1ed1ng ch\u0103m s\u00f3c s\u1ee9c kh\u1ecfe, tu\u1ed5i th\u1ecd trung b\u00ecnh c\u1ee7a d\u00e2n s\u1ed1 n\u01b0\u1edbc ta \u0111\u00e3 v\u00e0 \u0111ang kh\u00f4ng ng\u1eebng gia t\u0103ng. \u0110i\u1ec1u n\u00e0y \u0111\u1ed3ng ngh\u0129a v\u1edbi vi\u1ec7c t\u1ef7 l\u1ec7 ng\u01b0\u1eddi cao tu\u1ed5i trong c\u1ed9ng \u0111\u1ed3ng ng\u00e0y c\u00e0ng cao, mang l\u1ea1i nh\u1eefng th\u00e1ch th\u1ee9c m\u1edbi m\u1ebb v\u00e0 ph\u1ee9c t\u1ea1p cho n\u1ec1n y t\u1ebf. Ng\u01b0\u1eddi cao tu\u1ed5i kh\u00f4ng ch\u1ec9 \u0111\u1ed1i m\u1eb7t v\u1edbi qu\u00e1 tr\u00ecnh l\u00e3o h\u00f3a t\u1ef1 nhi\u00ean m\u00e0 c\u00f2n ph\u1ea3i ch\u1ecbu \u0111\u1ef1ng nhi\u1ec1u b\u1ec7nh l\u00fd m\u1ea1n t\u00ednh, trong \u0111\u00f3 c\u00e1c b\u1ec7nh tim m\u1ea1ch l\u00e0 nguy\u00ean nh\u00e2n h\u00e0ng \u0111\u1ea7u g\u00e2y suy gi\u1ea3m ch\u1ea5t l\u01b0\u1ee3ng cu\u1ed9c s\u1ed1ng, t\u0103ng t\u1ef7 l\u1ec7 nh\u1eadp vi\u1ec7n v\u00e0 t\u1eed vong. Nh\u1eefng b\u1ec7nh l\u00fd n\u00e0y kh\u00f4ng ch\u1ec9 \u1ea3nh h\u01b0\u1edfng \u0111\u1ebfn s\u1ee9c kh\u1ecfe th\u1ec3 ch\u1ea5t m\u00e0 c\u00f2n t\u00e1c \u0111\u1ed9ng ti\u00eau c\u1ef1c \u0111\u1ebfn tinh th\u1ea7n v\u00e0 ch\u1ea5t l\u01b0\u1ee3ng cu\u1ed9c s\u1ed1ng c\u1ee7a ng\u01b0\u1eddi cao tu\u1ed5i.\r\n\r\nKh\u00f4ng gi\u1ed1ng nh\u01b0 ng\u01b0\u1eddi tr\u1ebb, ng\u01b0\u1eddi cao tu\u1ed5i c\u00f3 nh\u1eefng \u0111\u1eb7c \u0111i\u1ec3m sinh l\u00fd v\u00e0 b\u1ec7nh l\u00fd ri\u00eang bi\u1ec7t, \u0111\u00f2i h\u1ecfi s\u1ef1 ti\u1ebfp c\u1eadn ch\u1ea9n \u0111o\u00e1n v\u00e0 \u0111i\u1ec1u tr\u1ecb chuy\u00ean s\u00e2u v\u00e0 tinh t\u1ebf h\u01a1n. S\u1ef1 ph\u1ee9c t\u1ea1p n\u00e0y \u0111\u00f2i h\u1ecfi c\u00e1c b\u00e1c s\u0129 ph\u1ea3i n\u1eafm v\u1eefng ki\u1ebfn th\u1ee9c chuy\u00ean m\u00f4n v\u1ec1 b\u1ec7nh h\u1ecdc ng\u01b0\u1eddi cao tu\u1ed5i, t\u1eeb nh\u1eefng bi\u1ec3u hi\u1ec7n l\u00e2m s\u00e0ng kh\u00f4ng \u0111i\u1ec3n h\u00ecnh \u0111\u1ebfn c\u00e1ch x\u1eed tr\u00ed \u0111a b\u1ec7nh l\u00fd m\u00e0 h\u1ecd th\u01b0\u1eddng m\u1eafc ph\u1ea3i. C\u00e1c b\u1ec7nh l\u00fd th\u01b0\u1eddng g\u1eb7p \u1edf ng\u01b0\u1eddi cao tu\u1ed5i nh\u01b0 t\u0103ng huy\u1ebft \u00e1p, b\u1ec7nh m\u1ea1ch v\u00e0nh, suy tim, v\u00e0 b\u1ec7nh van tim th\u01b0\u1eddng c\u00f3 nh\u1eefng bi\u1ec3u hi\u1ec7n kh\u00e1c bi\u1ec7t v\u00e0 ph\u1ee9c t\u1ea1p h\u01a1n so v\u1edbi ng\u01b0\u1eddi tr\u1ebb. Tuy nhi\u00ean, t\u1ea1i Vi\u1ec7t Nam hi\u1ec7n nay, t\u00e0i li\u1ec7u chuy\u00ean s\u00e2u v\u1ec1 ch\u0103m s\u00f3c s\u1ee9c kh\u1ecfe ng\u01b0\u1eddi cao tu\u1ed5i c\u00f2n r\u1ea5t h\u1ea1n ch\u1ebf, t\u1ea1o ra nh\u1eefng kh\u00f3 kh\u0103n kh\u00f4ng nh\u1ecf trong c\u00f4ng t\u00e1c ch\u0103m s\u00f3c v\u00e0 \u0111i\u1ec1u tr\u1ecb b\u1ec7nh nh\u00e2n cao tu\u1ed5i. \u0110i\u1ec1u n\u00e0y \u0111\u00f2i h\u1ecfi s\u1ef1 n\u1ed7 l\u1ef1c kh\u00f4ng ng\u1eebng c\u1ee7a c\u00e1c chuy\u00ean gia y t\u1ebf trong vi\u1ec7c nghi\u00ean c\u1ee9u v\u00e0 c\u1eadp nh\u1eadt ki\u1ebfn th\u1ee9c m\u1edbi nh\u1ea5t \u0111\u1ec3 n\u00e2ng cao ch\u1ea5t l\u01b0\u1ee3ng ch\u0103m s\u00f3c s\u1ee9c kh\u1ecfe cho ng\u01b0\u1eddi cao tu\u1ed5i.\r\n\r\nNh\u1eadn th\u1ee9c r\u00f5 r\u00e0ng v\u1ec1 nh\u1eefng th\u00e1ch th\u1ee9c n\u00e0y, ch\u00fang t\u00f4i quy\u1ebft \u0111\u1ecbnh bi\u00ean so\u1ea1n v\u00e0 xu\u1ea5t b\u1ea3n cu\u1ed1n s\u00e1ch tham kh\u1ea3o <strong>&#8220;B\u1ec7nh tim m\u1ea1ch \u1edf ng\u01b0\u1eddi cao tu\u1ed5i trong th\u1ef1c h\u00e0nh l\u00e2m s\u00e0ng&#8221;.<\/strong> Cu\u1ed1n s\u00e1ch tham kh\u1ea3o n\u00e0y l\u00e0 th\u00e0nh qu\u1ea3 c\u1ee7a s\u1ef1 h\u1ee3p t\u00e1c ch\u1eb7t ch\u1ebd gi\u1eefa c\u00e1c chuy\u00ean gia \u0111\u1ea7u ng\u00e0nh trong l\u0129nh v\u1ef1c Tim m\u1ea1ch v\u00e0 L\u00e3o khoa, \u0111\u01b0\u1ee3c x\u00e2y d\u1ef1ng d\u1ef1a tr\u00ean n\u1ec1n t\u1ea3ng ki\u1ebfn th\u1ee9c c\u1eadp nh\u1eadt nh\u1ea5t t\u1eeb c\u00e1c nghi\u00ean c\u1ee9u qu\u1ed1c t\u1ebf v\u00e0 kinh nghi\u1ec7m th\u1ef1c ti\u1ec5n t\u1ea1i Vi\u1ec7t Nam. Ch\u00fang t\u00f4i \u0111\u00e3 d\u00e0nh nhi\u1ec1u th\u1eddi gian v\u00e0 c\u00f4ng s\u1ee9c \u0111\u1ec3 thu th\u1eadp, ph\u00e2n t\u00edch v\u00e0 t\u1ed5ng h\u1ee3p nh\u1eefng th\u00f4ng tin quan tr\u1ecdng v\u00e0 h\u1eefu \u00edch nh\u1ea5t, nh\u1eb1m mang \u0111\u1ebfn cho \u0111\u1ed9c gi\u1ea3 m\u1ed9t t\u00e0i li\u1ec7u tham kh\u1ea3o to\u00e0n di\u1ec7n v\u00e0 chi ti\u1ebft v\u1ec1 c\u00e1c b\u1ec7nh tim m\u1ea1ch \u1edf ng\u01b0\u1eddi cao tu\u1ed5i.\r\n\r\nCh\u00fang t\u00f4i hy v\u1ecdng r\u1eb1ng cu\u1ed1n s\u00e1ch tham kh\u1ea3o &#8220;<strong>B\u1ec7nh tim m\u1ea1ch \u1edf ng\u01b0\u1eddi cao tu\u1ed5i trong th\u1ef1c h\u00e0nh l\u00e2m s\u00e0ng&#8221;<\/strong> s\u1ebd tr\u1edf th\u00e0nh m\u1ed9t c\u00f4ng c\u1ee5 h\u1eefu \u00edch, h\u1ed7 tr\u1ee3 c\u00e1c \u0111\u1ed3ng nghi\u1ec7p trong vi\u1ec7c n\u00e2ng cao ch\u1ea5t l\u01b0\u1ee3ng ch\u0103m s\u00f3c s\u1ee9c kh\u1ecfe cho ng\u01b0\u1eddi cao tu\u1ed5i. \u0110\u1ed3ng th\u1eddi, ch\u00fang t\u00f4i mong mu\u1ed1n r\u1eb1ng cu\u1ed1n s\u00e1ch s\u1ebd g\u00f3p ph\u1ea7n v\u00e0o vi\u1ec7c c\u1ea3i thi\u1ec7n th\u1ef1c h\u00e0nh l\u00e2m s\u00e0ng, gi\u00fap c\u00e1c b\u00e1c s\u0129, y t\u00e1 v\u00e0 nh\u00e2n vi\u00ean y t\u1ebf \u0111\u01b0a ra c\u00e1c quy\u1ebft \u0111\u1ecbnh \u0111i\u1ec1u tr\u1ecb ph\u00f9 h\u1ee3p nh\u1ea5t, t\u1eeb \u0111\u00f3 c\u1ea3i thi\u1ec7n k\u1ebft qu\u1ea3 \u0111i\u1ec1u tr\u1ecb v\u00e0 ch\u1ea5t l\u01b0\u1ee3ng cu\u1ed9c s\u1ed1ng cho ng\u01b0\u1eddi cao tu\u1ed5i.\r\n\r\nTrong qu\u00e1 tr\u00ecnh bi\u00ean so\u1ea1n, m\u1eb7c d\u00f9 \u0111\u00e3 r\u1ea5t n\u1ed7 l\u1ef1c, ch\u00fang t\u00f4i kh\u00f3 tr\u00e1nh kh\u1ecfi nh\u1eefng thi\u1ebfu s\u00f3t. Ki\u1ebfn th\u1ee9c khoa h\u1ecdc c\u1eadp nh\u1eadt li\u00ean t\u1ee5c kh\u00f4ng ng\u1eebng ngh\u1ec9, m\u1ed9t s\u1ed1 n\u1ed9i dung \u0111\u01b0\u1ee3c vi\u1ebft trong cu\u1ed1n s\u00e1ch, \u0111\u1ebfn th\u1eddi \u0111i\u1ec3m xu\u1ea5t b\u1ea3n c\u00f3 th\u1ec3 \u0111\u00e3 kh\u00f4ng c\u00f2n l\u00e0 ki\u1ebfn th\u1ee9c m\u1edbi nh\u1ea5t. V\u00ec v\u1eady, ch\u00fang t\u00f4i r\u1ea5t mong nh\u1eadn \u0111\u01b0\u1ee3c s\u1ef1 \u0111\u00f3ng g\u00f3p \u00fd ki\u1ebfn t\u1eeb c\u00e1c qu\u00fd th\u1ea7y c\u00f4, anh ch\u1ecb \u0111\u1ed3ng nghi\u1ec7p, v\u00e0 b\u1ea1n \u0111\u1ecdc \u0111\u1ec3 cu\u1ed1n s\u00e1ch ng\u00e0y c\u00e0ng ho\u00e0n thi\u1ec7n h\u01a1n. Ch\u00fang t\u00f4i xin ch\u00e2n th\u00e0nh c\u1ea3m \u01a1n v\u00e0 tr\u00e2n tr\u1ecdng s\u1ef1 \u0111\u00f3n nh\u1eadn c\u1ee7a qu\u00fd \u0111\u1ed9c gi\u1ea3. S\u1ef1 \u1ee7ng h\u1ed9 v\u00e0 g\u00f3p \u00fd c\u1ee7a qu\u00fd v\u1ecb s\u1ebd l\u00e0 ngu\u1ed3n \u0111\u1ed9ng vi\u00ean to l\u1edbn \u0111\u1ec3 ch\u00fang t\u00f4i ti\u1ebfp t\u1ee5c c\u1ea3i thi\u1ec7n v\u00e0 ph\u00e1t tri\u1ec3n c\u00e1c t\u00e0i li\u1ec7u y khoa ch\u1ea5t l\u01b0\u1ee3ng cao, ph\u1ee5c v\u1ee5 t\u1ed1t h\u01a1n cho c\u00f4ng t\u00e1c ch\u0103m s\u00f3c s\u1ee9c kh\u1ecfe c\u1ed9ng \u0111\u1ed3ng.","protected":false},"excerpt":{"rendered":"<strong>Ch\u1ee7 bi\u00ean:<\/strong>\r\n<ul>\r\n \t<li>Assoc. Dr. BS. Le Dinh Thanh<\/li>\r\n \t<li>PGS. TS. BS. Nguy\u1ec5n V\u0103n T\u00e2n<\/li>\r\n<\/ul>\r\n<strong>Nh\u00e0 xu\u1ea5t b\u1ea3n Y h\u1ecdc<\/strong>\r\n\r\n<strong>N\u0103m xu\u1ea5t b\u1ea3n 2024<\/strong>\r\n\r\n<strong>S\u1ed1 trang:<\/strong> 1248","protected":false},"featured_media":19485,"comment_status":"open","ping_status":"closed","template":"","meta":[],"product_brand":[],"product_cat":[130],"product_tag":[234,233,232,134],"class_list":{"0":"post-19484","1":"product","2":"type-product","3":"status-publish","4":"has-post-thumbnail","6":"product_cat-sach","7":"product_tag-lam-sang","8":"product_tag-nguoi-cao-tuoi","9":"product_tag-sach","10":"product_tag-tim-mach","12":"first","13":"outofstock","14":"shipping-taxable","15":"purchasable","16":"product-type-simple"},"_links":{"self":[{"href":"https:\/\/bvtn.edu.vn\/en\/wp-json\/wp\/v2\/product\/19484","targetHints":{"allow":["GET"]}}],"collection":[{"href":"https:\/\/bvtn.edu.vn\/en\/wp-json\/wp\/v2\/product"}],"about":[{"href":"https:\/\/bvtn.edu.vn\/en\/wp-json\/wp\/v2\/types\/product"}],"replies":[{"embeddable":true,"href":"https:\/\/bvtn.edu.vn\/en\/wp-json\/wp\/v2\/comments?post=19484"}],"version-history":[{"count":0,"href":"https:\/\/bvtn.edu.vn\/en\/wp-json\/wp\/v2\/product\/19484\/revisions"}],"wp:featuredmedia":[{"embeddable":true,"href":"https:\/\/bvtn.edu.vn\/en\/wp-json\/wp\/v2\/media\/19485"}],"wp:attachment":[{"href":"https:\/\/bvtn.edu.vn\/en\/wp-json\/wp\/v2\/media?parent=19484"}],"wp:term":[{"taxonomy":"product_brand","embeddable":true,"href":"https:\/\/bvtn.edu.vn\/en\/wp-json\/wp\/v2\/product_brand?post=19484"},{"taxonomy":"product_cat","embeddable":true,"href":"https:\/\/bvtn.edu.vn\/en\/wp-json\/wp\/v2\/product_cat?post=19484"},{"taxonomy":"product_tag","embeddable":true,"href":"https:\/\/bvtn.edu.vn\/en\/wp-json\/wp\/v2\/product_tag?post=19484"}],"curies":[{"name":"wp","href":"https:\/\/api.w.org\/{rel}","templated":true}]}}