{"id":19659,"date":"2024-11-22T14:57:42","date_gmt":"2024-11-22T07:57:42","guid":{"rendered":"https:\/\/bvtn.edu.vn\/?post_type=product&#038;p=19659"},"modified":"2024-11-22T15:02:26","modified_gmt":"2024-11-22T08:02:26","slug":"huong-dan-su-dung-khang-sinh-2024","status":"publish","type":"product","link":"https:\/\/bvtn.edu.vn\/en\/product\/huong-dan-su-dung-khang-sinh-2024\/","title":{"rendered":"H\u01b0\u1edbng d\u1eabn s\u1eed d\u1ee5ng kh\u00e1ng sinh 2024"},"content":{"rendered":"<h2>S\u1ef1 ra \u0111\u1eddi c\u1ee7a kh\u00e1ng sinh v\u00e0 th\u00e1ch th\u1ee9c hi\u1ec7n t\u1ea1i<\/h2>\r\nS\u1ef1 ra \u0111\u1eddi c\u1ee7a kh\u00e1ng sinh \u0111\u00e1nh d\u1ea5u m\u1ed9t c\u1ed9t m\u1ed1c quan tr\u1ecdng trong l\u1ecbch s\u1eed y h\u1ecdc, m\u1edf ra nh\u1eefng ph\u01b0\u01a1ng ph\u00e1p \u0111i\u1ec1u tr\u1ecb m\u1edbi cho c\u00e1c b\u1ec7nh nhi\u1ec5m khu\u1ea9n. Tuy nhi\u00ean, vi\u1ec7c l\u1ea1m d\u1ee5ng v\u00e0 s\u1eed d\u1ee5ng kh\u00e1ng sinh kh\u00f4ng h\u1ee3p l\u00fd \u0111\u00e3 d\u1eabn \u0111\u1ebfn s\u1ef1 gia t\u0103ng c\u00e1c ch\u1ee7ng vi khu\u1ea9n kh\u00e1ng thu\u1ed1c, \u0111\u1eb7t ra m\u1ed9t th\u00e1ch th\u1ee9c l\u1edbn trong vi\u1ec7c \u0111i\u1ec1u tr\u1ecb b\u1ec7nh nhi\u1ec5m khu\u1ea9n, \u0111\u1eb7c bi\u1ec7t trong b\u1ed1i c\u1ea3nh nhi\u1ec5m khu\u1ea9n b\u1ec7nh vi\u1ec7n ng\u00e0y c\u00e0ng tr\u1edf n\u00ean ph\u1ed5 bi\u1ebfn.\r\n<h2>T\u1ea7m quan tr\u1ecdng c\u1ee7a qu\u1ea3n l\u00fd s\u1eed d\u1ee5ng kh\u00e1ng sinh<\/h2>\r\nTr\u01b0\u1edbc c\u1ea3nh b\u00e1o t\u1eeb T\u1ed5 ch\u1ee9c Y t\u1ebf Th\u1ebf gi\u1edbi v\u1edbi th\u00f4ng \u0111i\u1ec7p: \u201cKh\u00f4ng h\u00e0nh \u0111\u1ed9ng h\u00f4m nay, ng\u00e0y mai kh\u00f4ng c\u00f2n thu\u1ed1c ch\u1eefa\u201d, B\u1ed9 Y t\u1ebf \u0111\u00e3 ban h\u00e0nh quy\u1ebft \u0111\u1ecbnh 5631\/Q\u0110-BYT n\u0103m 2020, h\u01b0\u1edbng d\u1eabn v\u1ec1 vi\u1ec7c qu\u1ea3n l\u00fd v\u00e0 s\u1eed d\u1ee5ng kh\u00e1ng sinh trong b\u1ec7nh vi\u1ec7n. T\u1ea1i B\u1ec7nh vi\u1ec7n Th\u1ed1ng Nh\u1ea5t, ch\u01b0\u01a1ng tr\u00ecnh qu\u1ea3n l\u00fd kh\u00e1ng sinh \u0111\u00e3 v\u00e0 \u0111ang \u0111\u01b0\u1ee3c tri\u1ec3n khai nh\u1eb1m t\u1ed1i \u01b0u h\u00f3a hi\u1ec7u qu\u1ea3 \u0111i\u1ec1u tr\u1ecb c\u00e1c b\u1ec7nh l\u00fd nhi\u1ec5m khu\u1ea9n, \u0111\u1ea3m b\u1ea3o an to\u00e0n cho b\u1ec7nh nh\u00e2n, gi\u1ea3m thi\u1ec3u c\u00e1c bi\u1ebfn c\u1ed1 b\u1ea5t l\u1ee3i li\u00ean quan \u0111\u1ebfn thu\u1ed1c, h\u1ea1n ch\u1ebf s\u1ef1 ph\u00e1t tri\u1ec3n c\u1ee7a vi khu\u1ea9n kh\u00e1ng thu\u1ed1c v\u00e0 gi\u1ea3m chi ph\u00ed m\u00e0 kh\u00f4ng l\u00e0m \u1ea3nh h\u01b0\u1edfng t\u1edbi ch\u1ea5t l\u01b0\u1ee3ng \u0111i\u1ec1u tr\u1ecb.\r\n<h2>Gi\u1edbi thi\u1ec7u v\u1ec1 cu\u1ed1n s\u00e1ch \u201cH\u01b0\u1edbng d\u1eabn s\u1eed d\u1ee5ng kh\u00e1ng sinh\u201d<\/h2>\r\nTr\u00ean c\u01a1 s\u1edf ph\u00e2n t\u00edch d\u1eef li\u1ec7u kh\u00e1ng sinh \u0111\u1ed3 t\u00edch l\u0169y t\u1ea1i b\u1ec7nh vi\u1ec7n, ph\u00e2n t\u1ea7ng nguy c\u01a1 b\u1ec7nh nh\u00e2n, d\u1ef1a tr\u00ean c\u00e1c h\u01b0\u1edbng d\u1eabn \u0111i\u1ec1u tr\u1ecb nhi\u1ec5m khu\u1ea9n trong n\u01b0\u1edbc v\u00e0 qu\u1ed1c t\u1ebf, s\u00e1ch \u201cH\u01b0\u1edbng d\u1eabn s\u1eed d\u1ee5ng kh\u00e1ng sinh\u201d c\u1ee7a B\u1ec7nh vi\u1ec7n Th\u1ed1ng Nh\u1ea5t n\u0103m 2024 \u0111\u00e3 \u0111\u01b0\u1ee3c bi\u00ean so\u1ea1n v\u00e0 c\u1eadp nh\u1eadt sau phi\u00ean b\u1ea3n n\u0103m 2022. S\u00e1ch 288 trang, bao g\u1ed3m 7 ch\u01b0\u01a1ng v\u00e0 16 ph\u1ee5 l\u1ee5c. \u0110\u01b0\u1ee3c tr\u00ecnh b\u00e0y tr\u1ef1c quan, d\u1ec5 tra c\u1ee9u v\u00e0 \u1ee9ng d\u1ee5ng trong th\u1ef1c h\u00e0nh l\u00e2m s\u00e0ng. N\u1ed9i dung tr\u1ecdng t\u00e2m l\u00e0 pha\u0301c \u0111\u00f4\u0300 \u0111i\u00ea\u0300u tri\u0323 kha\u0301ng sinh kinh nghi\u1eb9\u0302m trong m\u1ecd\u0302t s\u00f4\u0301 b\u1eb9\u0302nh ly\u0301 nhi\u00ea\u0303m khu\u00e2\u0309n thu\u031b\u01a1\u0300ng g\u1ea1\u0306p, h\u01b0\u1edbng d\u1eabn s\u1eed d\u1ee5ng kh\u00e1ng sinh tr\u00ean m\u1ed9t s\u1ed1 vi khu\u1ea9n kh\u00f3 tr\u1ecb va\u0300 hu\u031b\u01a1\u0301ng d\u00e2\u0303n s\u01b0\u0309 du\u0323ng kha\u0301ng sinh d\u01b0\u0323 pho\u0300ng. Cu\u1ed1n s\u00e1ch n\u00e0y c\u00f3 th\u1ec3 \u0111\u01b0\u1ee3c s\u1eed d\u1ee5ng l\u00e0m t\u00e0i li\u1ec7u tham kh\u1ea3o trong vi\u1ec7c l\u1ef1a ch\u1ecdn kh\u00e1ng sinh t\u1ea1i b\u1ec7nh vi\u1ec7n.","protected":false},"excerpt":{"rendered":"<strong>Ch\u1ee7 bi\u00ean:<\/strong>\r\n<ul>\r\n \t<li>PGS. TS. DS. B\u00f9i Th\u1ecb H\u01b0\u01a1ng Qu\u1ef3nh<\/li>\r\n \t<li>Assoc. Dr. BS. Le Dinh Thanh<\/li>\r\n<\/ul>\r\n<strong>Nh\u00e0 xu\u1ea5t b\u1ea3n Y h\u1ecdc<\/strong>\r\n\r\n<strong>N\u0103m xu\u1ea5t b\u1ea3n 2024<\/strong>\r\n\r\n<strong>S\u1ed1 trang:<\/strong> 288","protected":false},"featured_media":19660,"comment_status":"open","ping_status":"closed","template":"","meta":[],"product_brand":[],"product_cat":[130],"product_tag":[131,132,234,233,232,134],"class_list":{"0":"post-19659","1":"product","2":"type-product","3":"status-publish","4":"has-post-thumbnail","6":"product_cat-sach","7":"product_tag-huong-dan-su-dung-khang-sinh","8":"product_tag-khang-sinh","9":"product_tag-lam-sang","10":"product_tag-nguoi-cao-tuoi","11":"product_tag-sach","12":"product_tag-tim-mach","14":"first","15":"instock","16":"shipping-taxable","17":"product-type-external"},"_links":{"self":[{"href":"https:\/\/bvtn.edu.vn\/en\/wp-json\/wp\/v2\/product\/19659","targetHints":{"allow":["GET"]}}],"collection":[{"href":"https:\/\/bvtn.edu.vn\/en\/wp-json\/wp\/v2\/product"}],"about":[{"href":"https:\/\/bvtn.edu.vn\/en\/wp-json\/wp\/v2\/types\/product"}],"replies":[{"embeddable":true,"href":"https:\/\/bvtn.edu.vn\/en\/wp-json\/wp\/v2\/comments?post=19659"}],"version-history":[{"count":0,"href":"https:\/\/bvtn.edu.vn\/en\/wp-json\/wp\/v2\/product\/19659\/revisions"}],"wp:featuredmedia":[{"embeddable":true,"href":"https:\/\/bvtn.edu.vn\/en\/wp-json\/wp\/v2\/media\/19660"}],"wp:attachment":[{"href":"https:\/\/bvtn.edu.vn\/en\/wp-json\/wp\/v2\/media?parent=19659"}],"wp:term":[{"taxonomy":"product_brand","embeddable":true,"href":"https:\/\/bvtn.edu.vn\/en\/wp-json\/wp\/v2\/product_brand?post=19659"},{"taxonomy":"product_cat","embeddable":true,"href":"https:\/\/bvtn.edu.vn\/en\/wp-json\/wp\/v2\/product_cat?post=19659"},{"taxonomy":"product_tag","embeddable":true,"href":"https:\/\/bvtn.edu.vn\/en\/wp-json\/wp\/v2\/product_tag?post=19659"}],"curies":[{"name":"wp","href":"https:\/\/api.w.org\/{rel}","templated":true}]}}